{"id":1959,"date":"2023-05-02T13:39:48","date_gmt":"2023-05-02T13:39:48","guid":{"rendered":"https:\/\/www.njsa.fi\/demosivu\/?page_id=1959"},"modified":"2023-05-02T13:46:07","modified_gmt":"2023-05-02T13:46:07","slug":"valaisimien-asennus","status":"publish","type":"page","link":"https:\/\/www.njsa.fi\/demosivu\/valaisimien-asennus\/","title":{"rendered":"Valaisimien asennus"},"content":{"rendered":"\t\t<div data-elementor-type=\"wp-page\" data-elementor-id=\"1959\" class=\"elementor elementor-1959\">\n\t\t\t\t<div class=\"elementor-element elementor-element-7bf2290 e-flex e-con-boxed e-con e-parent\" data-id=\"7bf2290\" data-element_type=\"container\">\n\t\t\t\t\t<div class=\"e-con-inner\">\n\t\t\t\t<div class=\"elementor-element elementor-element-c4d06c1 elementor-align-center elementor-icon-list--layout-traditional elementor-list-item-link-full_width elementor-widget elementor-widget-icon-list\" data-id=\"c4d06c1\" data-element_type=\"widget\" data-widget_type=\"icon-list.default\">\n\t\t\t\t<div class=\"elementor-widget-container\">\n\t\t\t\t\t\t\t<ul class=\"elementor-icon-list-items\">\n\t\t\t\t\t\t\t<li class=\"elementor-icon-list-item\">\n\t\t\t\t\t\t\t\t\t\t\t<a href=\"https:\/\/www.njsa.fi\/demosivu\/valaisimien-asennus\/\">\n\n\t\t\t\t\t\t\t\t\t\t\t\t<span class=\"elementor-icon-list-icon\">\n\t\t\t\t\t\t\t<svg aria-hidden=\"true\" class=\"e-font-icon-svg e-fas-lightbulb\" viewBox=\"0 0 352 512\" xmlns=\"http:\/\/www.w3.org\/2000\/svg\"><path d=\"M96.06 454.35c.01 6.29 1.87 12.45 5.36 17.69l17.09 25.69a31.99 31.99 0 0 0 26.64 14.28h61.71a31.99 31.99 0 0 0 26.64-14.28l17.09-25.69a31.989 31.989 0 0 0 5.36-17.69l.04-38.35H96.01l.05 38.35zM0 176c0 44.37 16.45 84.85 43.56 115.78 16.52 18.85 42.36 58.23 52.21 91.45.04.26.07.52.11.78h160.24c.04-.26.07-.51.11-.78 9.85-33.22 35.69-72.6 52.21-91.45C335.55 260.85 352 220.37 352 176 352 78.61 272.91-.3 175.45 0 73.44.31 0 82.97 0 176zm176-80c-44.11 0-80 35.89-80 80 0 8.84-7.16 16-16 16s-16-7.16-16-16c0-61.76 50.24-112 112-112 8.84 0 16 7.16 16 16s-7.16 16-16 16z\"><\/path><\/svg>\t\t\t\t\t\t<\/span>\n\t\t\t\t\t\t\t\t\t\t<span class=\"elementor-icon-list-text\">Valaisimen asennus<\/span>\n\t\t\t\t\t\t\t\t\t\t\t<\/a>\n\t\t\t\t\t\t\t\t\t<\/li>\n\t\t\t\t\t\t<\/ul>\n\t\t\t\t\t\t<\/div>\n\t\t\t\t<\/div>\n\t\t\t\t\t<\/div>\n\t\t\t\t<\/div>\n\t\t<div class=\"elementor-element elementor-element-656dd40 e-flex e-con-boxed e-con e-parent\" data-id=\"656dd40\" data-element_type=\"container\">\n\t\t\t\t\t<div class=\"e-con-inner\">\n\t\t\t\t<div class=\"elementor-element elementor-element-5353e14 elementor-widget elementor-widget-text-editor\" data-id=\"5353e14\" data-element_type=\"widget\" data-widget_type=\"text-editor.default\">\n\t\t\t\t<div class=\"elementor-widget-container\">\n\t\t\t\t\t\t\t\t\t<p>Valaisimien asennus on t\u00e4rke\u00e4 osa kodin s\u00e4hk\u00f6asennuksia, ja se edellytt\u00e4\u00e4 tarkkaa suunnittelua, asianmukaisten tarvikkeiden k\u00e4ytt\u00f6\u00e4 ja turvallisuusm\u00e4\u00e4r\u00e4ysten noudattamista. Jos sinulla on ep\u00e4varma olo asennuksen suhteen, kannattaa aina k\u00e4\u00e4nty\u00e4 ammattilaisen puoleen.<\/p>\t\t\t\t\t\t\t\t<\/div>\n\t\t\t\t<\/div>\n\t\t\t\t<div class=\"elementor-element elementor-element-e125c2d elementor-widget elementor-widget-image\" data-id=\"e125c2d\" data-element_type=\"widget\" data-widget_type=\"image.default\">\n\t\t\t\t<div class=\"elementor-widget-container\">\n\t\t\t\t\t\t\t\t\t\t\t\t\t\t\t<img fetchpriority=\"high\" decoding=\"async\" data-attachment-id=\"1961\" data-permalink=\"https:\/\/www.njsa.fi\/demosivu\/valaisimien-asennus\/b7e02b34-f54f-495e-aca2-acb917f6100a\/\" data-orig-file=\"https:\/\/i0.wp.com\/www.njsa.fi\/demosivu\/wp-content\/uploads\/2023\/05\/b7e02b34-f54f-495e-aca2-acb917f6100a.jpg?fit=1536%2C2048&amp;ssl=1\" data-orig-size=\"1536,2048\" data-comments-opened=\"0\" data-image-meta=\"{&quot;aperture&quot;:&quot;0&quot;,&quot;credit&quot;:&quot;&quot;,&quot;camera&quot;:&quot;&quot;,&quot;caption&quot;:&quot;&quot;,&quot;created_timestamp&quot;:&quot;0&quot;,&quot;copyright&quot;:&quot;&quot;,&quot;focal_length&quot;:&quot;0&quot;,&quot;iso&quot;:&quot;0&quot;,&quot;shutter_speed&quot;:&quot;0&quot;,&quot;title&quot;:&quot;&quot;,&quot;orientation&quot;:&quot;0&quot;}\" data-image-title=\"b7e02b34-f54f-495e-aca2-acb917f6100a\" data-image-description=\"\" data-image-caption=\"\" data-medium-file=\"https:\/\/i0.wp.com\/www.njsa.fi\/demosivu\/wp-content\/uploads\/2023\/05\/b7e02b34-f54f-495e-aca2-acb917f6100a.jpg?fit=225%2C300&amp;ssl=1\" data-large-file=\"https:\/\/i0.wp.com\/www.njsa.fi\/demosivu\/wp-content\/uploads\/2023\/05\/b7e02b34-f54f-495e-aca2-acb917f6100a.jpg?fit=768%2C1024&amp;ssl=1\" tabindex=\"0\" role=\"button\" width=\"768\" height=\"1024\" src=\"https:\/\/i0.wp.com\/www.njsa.fi\/demosivu\/wp-content\/uploads\/2023\/05\/b7e02b34-f54f-495e-aca2-acb917f6100a.jpg?fit=768%2C1024&amp;ssl=1\" class=\"attachment-large size-large wp-image-1961\" alt=\"\" srcset=\"https:\/\/i0.wp.com\/www.njsa.fi\/demosivu\/wp-content\/uploads\/2023\/05\/b7e02b34-f54f-495e-aca2-acb917f6100a.jpg?w=1536&amp;ssl=1 1536w, https:\/\/i0.wp.com\/www.njsa.fi\/demosivu\/wp-content\/uploads\/2023\/05\/b7e02b34-f54f-495e-aca2-acb917f6100a.jpg?resize=225%2C300&amp;ssl=1 225w, https:\/\/i0.wp.com\/www.njsa.fi\/demosivu\/wp-content\/uploads\/2023\/05\/b7e02b34-f54f-495e-aca2-acb917f6100a.jpg?resize=768%2C1024&amp;ssl=1 768w, https:\/\/i0.wp.com\/www.njsa.fi\/demosivu\/wp-content\/uploads\/2023\/05\/b7e02b34-f54f-495e-aca2-acb917f6100a.jpg?resize=1152%2C1536&amp;ssl=1 1152w\" sizes=\"(max-width: 768px) 100vw, 768px\" data-attachment-id=\"1961\" data-permalink=\"https:\/\/www.njsa.fi\/demosivu\/valaisimien-asennus\/b7e02b34-f54f-495e-aca2-acb917f6100a\/\" data-orig-file=\"https:\/\/i0.wp.com\/www.njsa.fi\/demosivu\/wp-content\/uploads\/2023\/05\/b7e02b34-f54f-495e-aca2-acb917f6100a.jpg?fit=1536%2C2048&amp;ssl=1\" data-orig-size=\"1536,2048\" data-comments-opened=\"0\" data-image-meta=\"{&quot;aperture&quot;:&quot;0&quot;,&quot;credit&quot;:&quot;&quot;,&quot;camera&quot;:&quot;&quot;,&quot;caption&quot;:&quot;&quot;,&quot;created_timestamp&quot;:&quot;0&quot;,&quot;copyright&quot;:&quot;&quot;,&quot;focal_length&quot;:&quot;0&quot;,&quot;iso&quot;:&quot;0&quot;,&quot;shutter_speed&quot;:&quot;0&quot;,&quot;title&quot;:&quot;&quot;,&quot;orientation&quot;:&quot;0&quot;}\" data-image-title=\"b7e02b34-f54f-495e-aca2-acb917f6100a\" data-image-description=\"\" data-image-caption=\"\" data-medium-file=\"https:\/\/i0.wp.com\/www.njsa.fi\/demosivu\/wp-content\/uploads\/2023\/05\/b7e02b34-f54f-495e-aca2-acb917f6100a.jpg?fit=225%2C300&amp;ssl=1\" data-large-file=\"https:\/\/i0.wp.com\/www.njsa.fi\/demosivu\/wp-content\/uploads\/2023\/05\/b7e02b34-f54f-495e-aca2-acb917f6100a.jpg?fit=768%2C1024&amp;ssl=1\" role=\"button\" \/>\t\t\t\t\t\t\t\t\t\t\t\t\t\t\t<\/div>\n\t\t\t\t<\/div>\n\t\t\t\t\t<\/div>\n\t\t\t\t<\/div>\n\t\t\t\t<\/div>\n\t\t","protected":false},"excerpt":{"rendered":"<p>Valaisimen asennus Valaisimien asennus on t\u00e4rke\u00e4 osa kodin s\u00e4hk\u00f6asennuksia, ja se edellytt\u00e4\u00e4 tarkkaa suunnittelua, asianmukaisten tarvikkeiden k\u00e4ytt\u00f6\u00e4 ja turvallisuusm\u00e4\u00e4r\u00e4ysten noudattamista. Jos sinulla on ep\u00e4varma olo asennuksen suhteen, kannattaa aina k\u00e4\u00e4nty\u00e4 ammattilaisen puoleen.<\/p>\n","protected":false},"author":1,"featured_media":0,"parent":0,"menu_order":0,"comment_status":"closed","ping_status":"closed","template":"","meta":{"_monsterinsights_skip_tracking":false,"_monsterinsights_sitenote_active":false,"_monsterinsights_sitenote_note":"","_monsterinsights_sitenote_category":0,"jetpack_post_was_ever_published":false,"_kad_post_transparent":"","_kad_post_title":"hide","_kad_post_layout":"fullwidth","_kad_post_sidebar_id":"","_kad_post_content_style":"unboxed","_kad_post_vertical_padding":"hide","_kad_post_feature":"hide","_kad_post_feature_position":"","_kad_post_header":false,"_kad_post_footer":false,"_kad_post_classname":"","footnotes":""},"aioseo_notices":[],"jetpack_sharing_enabled":true,"jetpack_shortlink":"https:\/\/wp.me\/PawmUK-vB","jetpack-related-posts":[],"_links":{"self":[{"href":"https:\/\/www.njsa.fi\/demosivu\/wp-json\/wp\/v2\/pages\/1959"}],"collection":[{"href":"https:\/\/www.njsa.fi\/demosivu\/wp-json\/wp\/v2\/pages"}],"about":[{"href":"https:\/\/www.njsa.fi\/demosivu\/wp-json\/wp\/v2\/types\/page"}],"author":[{"embeddable":true,"href":"https:\/\/www.njsa.fi\/demosivu\/wp-json\/wp\/v2\/users\/1"}],"replies":[{"embeddable":true,"href":"https:\/\/www.njsa.fi\/demosivu\/wp-json\/wp\/v2\/comments?post=1959"}],"version-history":[{"count":4,"href":"https:\/\/www.njsa.fi\/demosivu\/wp-json\/wp\/v2\/pages\/1959\/revisions"}],"predecessor-version":[{"id":1964,"href":"https:\/\/www.njsa.fi\/demosivu\/wp-json\/wp\/v2\/pages\/1959\/revisions\/1964"}],"wp:attachment":[{"href":"https:\/\/www.njsa.fi\/demosivu\/wp-json\/wp\/v2\/media?parent=1959"}],"curies":[{"name":"wp","href":"https:\/\/api.w.org\/{rel}","templated":true}]}}