{"id":1640,"date":"2023-04-15T17:14:40","date_gmt":"2023-04-15T17:14:40","guid":{"rendered":"https:\/\/www.njsa.fi\/demosivu\/?page_id=1640"},"modified":"2023-05-08T14:22:09","modified_gmt":"2023-05-08T14:22:09","slug":"ehdot-ja-hinnasto","status":"publish","type":"page","link":"https:\/\/www.njsa.fi\/demosivu\/ehdot-ja-hinnasto\/","title":{"rendered":"Ehdot ja hinnasto"},"content":{"rendered":"\t\t<div data-elementor-type=\"wp-page\" data-elementor-id=\"1640\" class=\"elementor elementor-1640\">\n\t\t\t\t<div class=\"elementor-element elementor-element-bc34ed1 e-flex e-con-boxed e-con e-parent\" data-id=\"bc34ed1\" data-element_type=\"container\">\n\t\t\t\t\t<div class=\"e-con-inner\">\n\t\t\t\t<div class=\"elementor-element elementor-element-50ad257 elementor-widget elementor-widget-heading\" data-id=\"50ad257\" data-element_type=\"widget\" data-widget_type=\"heading.default\">\n\t\t\t\t<div class=\"elementor-widget-container\">\n\t\t\t\t\t<h2 class=\"elementor-heading-title elementor-size-default\">Ehdot ja hinnasto<\/h2>\t\t\t\t<\/div>\n\t\t\t\t<\/div>\n\t\t\t\t\t<\/div>\n\t\t\t\t<\/div>\n\t\t\t\t<section class=\"elementor-section elementor-top-section elementor-element elementor-element-523f08fc elementor-section-boxed elementor-section-height-default elementor-section-height-default\" data-id=\"523f08fc\" data-element_type=\"section\">\n\t\t\t\t\t\t<div class=\"elementor-container elementor-column-gap-default\">\n\t\t\t\t\t<div class=\"elementor-column elementor-col-100 elementor-top-column elementor-element elementor-element-65c4a2d7\" data-id=\"65c4a2d7\" data-element_type=\"column\">\n\t\t\t<div class=\"elementor-widget-wrap elementor-element-populated\">\n\t\t\t\t\t\t<div class=\"elementor-element elementor-element-49446f0 elementor-widget elementor-widget-text-editor\" data-id=\"49446f0\" data-element_type=\"widget\" data-widget_type=\"text-editor.default\">\n\t\t\t\t<div class=\"elementor-widget-container\">\n\t\t\t\t\t\t\t\t\t\n<ol>\n<li>Tehdess\u00e4ni toimeksiannon Nurmij\u00e4rven s\u00e4hk\u00f6asennus Oy:lle hyv\u00e4ksyn heid\u00e4n toimitusehtonsa ja veloitusperusteet.<\/li>\n\n<li>Ty\u00f6tilaus ja tilaukseen johtanut tarjouspyynt\u00f6 ja hintatiedustelu, joka on tehty puhelimitse, s\u00e4hk\u00f6postilla tai verkkosivujen kautta tehdyll\u00e4 ty\u00f6tilauslomakkeella, katsotaan toimeksiannoksi.<\/li>\n\n<li>Veloitettavaan ty\u00f6aikaan kuuluu:\n<ul>\n<li>ty\u00f6suoritus kohteessa<\/li>\n\n<li>matka-aika, toimipaikastamme ja p\u00e4\u00e4ttyen toimipaikkaamme<\/li>\n\n<li>ty\u00f6m\u00e4\u00e4r\u00e4imen t\u00e4ytt\u00f6 ja siihen raportointi<\/li>\n\n<li>tarvikkeiden ker\u00e4ily ja\/tai nouto<\/li>\n<\/ul>\n<\/li>\n\n<li>Tuotteet ovat myyj\u00e4n omaisuutta, kunnes lasku on kokonaan maksettu.<\/li>\n\n<li>Nurmij\u00e4rven s\u00e4hk\u00f6asennus Oy:n asennustarvikkeilla on v\u00e4hint\u00e4\u00e4n toimittajan my\u00f6nt\u00e4m\u00e4 12 kk takuu.<\/li>\n\n<li>Asennusty\u00f6n minimiveloitus on 2h, seuraavat tuntiveloitukset perit\u00e4\u00e4n kultakin alkavalta tunnilta.<\/li>\n\n<li>Huoltoautoveloitus \/ l\u00e4ht\u00f6<\/li>\n\n<li>Toimeksianto on peruutettava puhelimitse 0207313300 arkisin kello 08.00-17:00 v\u00e4lisen\u00e4 aikana tai s\u00e4hk\u00f6postitse toimisto@njsa.fi ja v\u00e4hint\u00e4\u00e4n yksi vuorokausi ennen sovittua asennusp\u00e4iv\u00e4\u00e4. My\u00f6h\u00e4isest\u00e4 peruutuksesta tai aiheettomasta k\u00e4ynnist\u00e4 veloitamme yhden tunnin ty\u00f6veloitusta vastaavan korvauksen.<\/li>\n\n<li>Asennusty\u00f6kustannusten lis\u00e4ksi veloitamme asiakkailta seuraavat ty\u00f6suoritteen aiheuttamat kulut, kun niit\u00e4 syntyy:\n<ul>\n<li>asennustarvikkeet<\/li>\n\n<li>teline- ja nostinvuokrat<\/li>\n\n<li>erikoisty\u00f6kaluvuokrat<\/li>\n\n<li>matkakustannus (km korvaus)<\/li>\n\n<li>pys\u00e4k\u00f6intimaksut<\/li>\n\n<li>tarkastusp\u00f6yt\u00e4kirjan toimittaminen<\/li>\n\n<li>suunnittelu- ja piirustusty\u00f6t<\/li>\n<\/ul>\n<\/li>\n\n<li>Nurmij\u00e4rven s\u00e4hk\u00f6asennus Oy ei vastaa mahdollisesta ty\u00f6n sovitusta aloitusajan tai valmistumisajan muutoksesta aiheutuneista haitoista ja kustannuksista.<\/li>\n\n<li>Asentaja tai ty\u00f6njohtaja ilmoittaa mahdollisen viiveen heti, kun se ilmenee ja tulee tietoon. Mahdollinen viiv\u00e4styminen voi johtua esimerkiksi edellisen ty\u00f6kohteen ty\u00f6n pitkittymisest\u00e4 tai muusta viiveest\u00e4.<\/li>\n\n<li>Mahdollisista ty\u00f6- ja materiaalivirheiden korjauksesta on aina sovittavat Nurmij\u00e4rven s\u00e4hk\u00f6asennus Oy:n ty\u00f6njohdon kanssa.<\/li>\n\n<li>Mahdollisesta ty\u00f6- ja materiaalivirheiden korjaamisesta muille yrityksille aiheutuvia kuluja ei korvata, ellei n\u00e4ist\u00e4 ole erikseen sovittu hyviss\u00e4 ajoin Nurmij\u00e4rven s\u00e4hk\u00f6asennus Oy:n ty\u00f6njohdon kanssa ennen korjattavaksi vaaditun ty\u00f6n suorittamista.<\/li>\n<\/ol>\n\t\t\t\t\t\t\t\t<\/div>\n\t\t\t\t<\/div>\n\t\t\t\t\t<\/div>\n\t\t<\/div>\n\t\t\t\t\t<\/div>\n\t\t<\/section>\n\t\t<div class=\"elementor-element elementor-element-ec9e637 e-flex e-con-boxed e-con e-parent\" data-id=\"ec9e637\" data-element_type=\"container\">\n\t\t\t\t\t<div class=\"e-con-inner\">\n\t\t\t\t<div class=\"elementor-element elementor-element-426e761 elementor-widget elementor-widget-button\" data-id=\"426e761\" data-element_type=\"widget\" data-widget_type=\"button.default\">\n\t\t\t\t<div class=\"elementor-widget-container\">\n\t\t\t\t\t\t\t\t\t<div class=\"elementor-button-wrapper\">\n\t\t\t\t\t<a class=\"elementor-button elementor-button-link elementor-size-sm\" href=\"https:\/\/www.njsa.fi\/demosivu\/wp-content\/uploads\/2023\/05\/Nurmijarven-Sahkoasennus-Oy-hinnasto-2023.pdf\">\n\t\t\t\t\t\t<span class=\"elementor-button-content-wrapper\">\n\t\t\t\t\t\t\t\t\t<span class=\"elementor-button-text\">Hinnasto 2023<\/span>\n\t\t\t\t\t<\/span>\n\t\t\t\t\t<\/a>\n\t\t\t\t<\/div>\n\t\t\t\t\t\t\t\t<\/div>\n\t\t\t\t<\/div>\n\t\t\t\t\t<\/div>\n\t\t\t\t<\/div>\n\t\t\t\t<\/div>\n\t\t","protected":false},"excerpt":{"rendered":"<p>Ehdot ja hinnasto Hinnasto 2023<\/p>\n","protected":false},"author":1,"featured_media":0,"parent":0,"menu_order":0,"comment_status":"closed","ping_status":"closed","template":"","meta":{"_monsterinsights_skip_tracking":false,"_monsterinsights_sitenote_active":false,"_monsterinsights_sitenote_note":"","_monsterinsights_sitenote_category":0,"jetpack_post_was_ever_published":false,"_kad_post_transparent":"","_kad_post_title":"","_kad_post_layout":"","_kad_post_sidebar_id":"","_kad_post_content_style":"","_kad_post_vertical_padding":"","_kad_post_feature":"","_kad_post_feature_position":"","_kad_post_header":false,"_kad_post_footer":false,"_kad_post_classname":"","footnotes":""},"aioseo_notices":[],"jetpack_sharing_enabled":true,"jetpack_shortlink":"https:\/\/wp.me\/PawmUK-qs","jetpack-related-posts":[],"_links":{"self":[{"href":"https:\/\/www.njsa.fi\/demosivu\/wp-json\/wp\/v2\/pages\/1640"}],"collection":[{"href":"https:\/\/www.njsa.fi\/demosivu\/wp-json\/wp\/v2\/pages"}],"about":[{"href":"https:\/\/www.njsa.fi\/demosivu\/wp-json\/wp\/v2\/types\/page"}],"author":[{"embeddable":true,"href":"https:\/\/www.njsa.fi\/demosivu\/wp-json\/wp\/v2\/users\/1"}],"replies":[{"embeddable":true,"href":"https:\/\/www.njsa.fi\/demosivu\/wp-json\/wp\/v2\/comments?post=1640"}],"version-history":[{"count":12,"href":"https:\/\/www.njsa.fi\/demosivu\/wp-json\/wp\/v2\/pages\/1640\/revisions"}],"predecessor-version":[{"id":1976,"href":"https:\/\/www.njsa.fi\/demosivu\/wp-json\/wp\/v2\/pages\/1640\/revisions\/1976"}],"wp:attachment":[{"href":"https:\/\/www.njsa.fi\/demosivu\/wp-json\/wp\/v2\/media?parent=1640"}],"curies":[{"name":"wp","href":"https:\/\/api.w.org\/{rel}","templated":true}]}}