{"id":1590,"date":"2023-03-09T16:16:18","date_gmt":"2023-03-09T16:16:18","guid":{"rendered":"https:\/\/www.njsa.fi\/demosivu\/?page_id=1590"},"modified":"2023-05-01T14:40:00","modified_gmt":"2023-05-01T14:40:00","slug":"verkkotilaus","status":"publish","type":"page","link":"https:\/\/www.njsa.fi\/demosivu\/verkkotilaus\/","title":{"rendered":"Verkkotilaus"},"content":{"rendered":"\t\t<div data-elementor-type=\"wp-page\" data-elementor-id=\"1590\" class=\"elementor elementor-1590\">\n\t\t\t\t\t\t<section class=\"elementor-section elementor-top-section elementor-element elementor-element-601bce9 elementor-section-boxed elementor-section-height-default elementor-section-height-default elementor-invisible\" data-id=\"601bce9\" data-element_type=\"section\" data-settings=\"{&quot;animation&quot;:&quot;lightSpeedIn&quot;}\">\n\t\t\t\t\t\t<div class=\"elementor-container elementor-column-gap-default\">\n\t\t\t\t\t<div class=\"elementor-column elementor-col-100 elementor-top-column elementor-element elementor-element-eb858ef\" data-id=\"eb858ef\" data-element_type=\"column\">\n\t\t\t<div class=\"elementor-widget-wrap elementor-element-populated\">\n\t\t\t\t\t\t<div class=\"elementor-element elementor-element-91138d0 elementor-widget elementor-widget-heading\" data-id=\"91138d0\" data-element_type=\"widget\" data-widget_type=\"heading.default\">\n\t\t\t\t<div class=\"elementor-widget-container\">\n\t\t\t\t\t<h2 class=\"elementor-heading-title elementor-size-default\">Tilauslomake<\/h2>\t\t\t\t<\/div>\n\t\t\t\t<\/div>\n\t\t\t\t<div class=\"elementor-element elementor-element-6717c33 elementor-widget elementor-widget-text-editor\" data-id=\"6717c33\" data-element_type=\"widget\" data-settings=\"{&quot;_animation&quot;:&quot;none&quot;}\" data-widget_type=\"text-editor.default\">\n\t\t\t\t<div class=\"elementor-widget-container\">\n\t\t\t\t\t\t\t\t\t<div class=\"forminator-ui forminator-custom-form forminator-custom-form-1635 forminator-design--material  forminator_ajax\" data-forminator-render=\"0\" data-form=\"forminator-module-1635\" data-uid=\"69f26c9f6a062\"><br\/><\/div><form\n\t\t\t\tid=\"forminator-module-1635\"\n\t\t\t\tclass=\"forminator-ui forminator-custom-form forminator-custom-form-1635 forminator-design--material  forminator_ajax\"\n\t\t\t\tmethod=\"post\"\n\t\t\t\tdata-forminator-render=\"0\"\n\t\t\t\tdata-form-id=\"1635\"\n\t\t\t\tenctype=\"multipart\/form-data\" data-color-option=\"default\" data-design=\"material\" data-grid=\"open\" style=\"display: none;\"\n\t\t\t\tdata-uid=\"69f26c9f6a062\"\n\t\t\t><div role=\"alert\" aria-live=\"polite\" class=\"forminator-response-message forminator-error\" aria-hidden=\"true\"><\/div><div class=\"forminator-row\"><div id=\"name-1\" class=\"forminator-field-name forminator-col forminator-col-12 \"><div class=\"forminator-field\"><label for=\"forminator-field-name-1_69f26c9f6a062\" id=\"forminator-field-name-1_69f26c9f6a062-label\" class=\"forminator-label\">Nimi<\/label><input type=\"text\" name=\"name-1\" value=\"\" placeholder=\"\" id=\"forminator-field-name-1_69f26c9f6a062\" class=\"forminator-input forminator-name--field\" aria-required=\"false\" autocomplete=\"name\" \/><\/div><\/div><\/div><div class=\"forminator-row\"><div id=\"address-1\" class=\"forminator-field-address forminator-col forminator-col-12 \"><div class=\"forminator-row\"><div id=\"address-1-street_address\" class=\"forminator-col\"><div class=\"forminator-field\"><label for=\"forminator-field-address-1-street_address_69f26c9f6a062\" id=\"forminator-field-address-1-street_address_69f26c9f6a062-label\" class=\"forminator-label\">Osoite <span class=\"forminator-required\">*<\/span><\/label><input type=\"text\" name=\"address-1-street_address\" placeholder=\"\" id=\"forminator-field-address-1-street_address_69f26c9f6a062\" class=\"forminator-input\" data-required=\"1\" aria-required=\"true\" autocomplete=\"address-line1\" value=\"\" \/><\/div><\/div><\/div><div class=\"forminator-row\" data-multiple=\"false\"><div id=\"address-1-city\" class=\"forminator-col forminator-col-12\"><div class=\"forminator-field\"><label for=\"forminator-field-address-1-city_69f26c9f6a062\" id=\"forminator-field-address-1-city_69f26c9f6a062-label\" class=\"forminator-label\">Kaupunki <span class=\"forminator-required\">*<\/span><\/label><input type=\"text\" name=\"address-1-city\" placeholder=\"\" id=\"forminator-field-address-1-city_69f26c9f6a062\" class=\"forminator-input\" data-required=\"1\" aria-required=\"true\" autocomplete=\"address-level2\" value=\"\" \/><\/div><\/div><\/div><div class=\"forminator-row\" data-multiple=\"false\"><div id=\"address-1-zip\" class=\"forminator-col forminator-col-12\"><div class=\"forminator-field\"><label for=\"forminator-field-address-1-zip_69f26c9f6a062\" id=\"forminator-field-address-1-zip_69f26c9f6a062-label\" class=\"forminator-label\">Postinumero <span class=\"forminator-required\">*<\/span><\/label><input type=\"text\" name=\"address-1-zip\" placeholder=\"\" id=\"forminator-field-address-1-zip_69f26c9f6a062\" class=\"forminator-input\" autocomplete=\"postal-code\" value=\"\" \/><\/div><\/div><\/div><\/div><\/div><div class=\"forminator-row\"><div id=\"email-1\" class=\"forminator-field-email forminator-col forminator-col-12 \"><div class=\"forminator-field\"><label for=\"forminator-field-email-1_69f26c9f6a062\" id=\"forminator-field-email-1_69f26c9f6a062-label\" class=\"forminator-label\">S\u00e4hk\u00f6posti <span class=\"forminator-required\">*<\/span><\/label><input type=\"email\" name=\"email-1\" value=\"\" placeholder=\"\" id=\"forminator-field-email-1_69f26c9f6a062\" class=\"forminator-input forminator-email--field\" data-required=\"1\" aria-required=\"true\" autocomplete=\"email\" \/><\/div><\/div><\/div><div class=\"forminator-row\"><div id=\"textarea-1\" class=\"forminator-field-textarea forminator-col forminator-col-12 \"><div class=\"forminator-field\"><label for=\"forminator-field-textarea-1_69f26c9f6a062\" id=\"forminator-field-textarea-1_69f26c9f6a062-label\" class=\"forminator-label\">Ty\u00f6nkuvaus <span class=\"forminator-required\">*<\/span><\/label><textarea name=\"textarea-1\" placeholder=\"Mink\u00e4lainen ty\u00f6tarve on? Kuvaa lyhyesti.\" id=\"forminator-field-textarea-1_69f26c9f6a062\" class=\"forminator-textarea\" rows=\"6\" style=\"--forminator-textarea-min-height:140px;\" ><\/textarea><\/div><\/div><\/div><div class=\"forminator-row\"><div id=\"upload-1\" class=\"forminator-field-upload forminator-col forminator-col-12 \"><div class=\"forminator-field\"><label for=\"forminator-field-upload-1_69f26c9f6a062\" id=\"forminator-field-upload-1_69f26c9f6a062-label\" class=\"forminator-label\">Liitteet\/kuvat<\/label><div class=\"forminator-multi-upload \" data-element=\"upload-1_69f26c9f6a062\"><input type=\"file\" name=\"upload-1[]\" id=\"forminator-field-upload-1_69f26c9f6a062\" class=\"forminator-input-file forminator-field-upload-1_69f26c9f6a062-1635\" multiple=\"multiple\" data-method=\"ajax\" data-size=\"8000000\" data-size-message=\"Maximum file size allowed is 8 MB. \"><div class=\"forminator-multi-upload-message\" aria-hidden=\"true\"><span class=\"forminator-icon-upload\" aria-hidden=\"true\"><\/span><p>Drag and Drop (or) <a class=\"forminator-upload-file--forminator-field-upload-1_69f26c9f6a062\" href=\"#\" onclick=\"return false;\">Choose Files<\/a><\/p><\/div><\/div><ul class=\"forminator-uploaded-files upload-container-upload-1_69f26c9f6a062\"><\/ul><\/div><\/div><\/div><div class=\"forminator-row\"><div id=\"group-1\" class=\"forminator-field-group forminator-col forminator-col-12 \"><label class=\"forminator-label forminator-repeater-label\">Suoritusajankohta<\/label><div class=\"forminator-all-group-copies forminator-repeater-field\"><div class=\"forminator-grouped-fields\" data-options=\"{&quot;is_repeater&quot;:false,&quot;min_type&quot;:&quot;custom&quot;,&quot;max_type&quot;:&quot;custom&quot;,&quot;min&quot;:1,&quot;max&quot;:9223372036854775807,&quot;add_text&quot;:&quot;Add item&quot;,&quot;remove_text&quot;:&quot;Remove item&quot;,&quot;action_element_type&quot;:&quot;button&quot;}\"><div class=\"forminator-row\"><div id=\"date-1\" class=\"forminator-field-date forminator-col forminator-col-6 \"><div class=\"forminator-field\"><label for=\"forminator-field-date-1-picker_69f26c9f6a062\" id=\"forminator-field-date-1-picker_69f26c9f6a062-label\" class=\"forminator-label\">P\u00e4iv\u00e4m\u00e4\u00e4r\u00e4 <span class=\"forminator-required\">*<\/span><\/label><div class=\"forminator-input-with-icon\"><span class=\"forminator-icon-calendar\" aria-hidden=\"true\"><\/span><input autocomplete=\"off\" type=\"text\" size=\"1\" name=\"date-1\" value=\"29\/04\/2026\" placeholder=\"Valitse pvm\" id=\"forminator-field-date-1-picker_69f26c9f6a062\" class=\"forminator-input forminator-datepicker\" data-required=\"1\" data-format=\"dd\/mm\/yy\" data-restrict-type=\"week\" data-restrict=\"0,6\" data-start-year=\"2026\" data-end-year=\"2126\" data-past-dates=\"enable\" data-start-of-week=\"1\" data-start-date=\"2026-05-01\" data-end-date=\"\" data-start-field=\"\" data-end-field=\"\" data-start-offset=\"\" data-end-offset=\"\" data-disable-date=\"\" data-disable-range=\"\" \/><\/div><\/div><\/div><div id=\"time-1\" class=\"forminator-field-time forminator-col forminator-col-6 \"><label for=\"forminator-field-time-1\" id=\"forminator-field-time-1-label\" class=\"forminator-label\">Kellonaika <span class=\"forminator-required\">*<\/span><\/label><div class=\"forminator-timepicker\" ><div class=\"forminator-row\" data-multiple=\"true\"><div id=\"time-1-hours\" class=\"forminator-col forminator-col-6\"><div class=\"forminator-field\"><input type=\"number\" name=\"time-1-hours\" min=\"0\" max=\"23\" placeholder=\"\" id=\"forminator-field-time-1-hours_69f26c9f6a062\" class=\"forminator-input time-hours has-time-limiter\" data-field=\"hours\" value=\"12\" step=\"1\" \/><\/div><\/div><div id=\"time-1-minutes\" class=\"forminator-col forminator-col-6\"><div class=\"forminator-field\"><input type=\"number\" min=\"0\" max=\"59\" name=\"time-1-minutes\" placeholder=\"\" id=\"forminator-field-time-1-minutes_69f26c9f6a062\" class=\"forminator-input time-minutes has-time-limiter\" data-field=\"minutes\" value=\"0\" step=\"15\" \/><\/div><\/div><\/div><\/div><\/div><\/div><\/div><\/div><\/div><\/div><div class=\"forminator-row\"><div id=\"consent-1\" class=\"forminator-field-consent forminator-col forminator-col-12 \"><div class=\"forminator-field\"><label for=\"forminator-field-consent-1_69f26c9f6a062\" id=\"forminator-field-consent-1_69f26c9f6a062-label\" class=\"forminator-label\">Suostumus <span class=\"forminator-required\">*<\/span><\/label><div class=\"forminator-checkbox__wrapper\"><label id=\"forminator-field-consent-1_69f26c9f6a062__label\" class=\"forminator-checkbox forminator-consent\"><input type=\"checkbox\" name=\"consent-1\" id=\"forminator-field-consent-1_69f26c9f6a062\" value=\"checked\" aria-labelledby=\"forminator-field-consent-1_69f26c9f6a062-label\" aria-describedby=\"forminator-field-consent-1_69f26c9f6a062__description\" data-required=\"true\" aria-required=\"true\" \/><span class=\"forminator-checkbox-box\" aria-hidden=\"true\"><\/span><\/label><div id=\"forminator-field-consent-1_69f26c9f6a062__description\" class=\"forminator-checkbox__label forminator-consent__label\"><p>Kyll\u00e4, hyv\u00e4ksyn <a href=\"https:\/\/www.njsa.fi\/demosivu\/?page_id=1640\">ehdot ja hinnaston<\/a>.<\/p><\/div><\/div><\/div><\/div><\/div><input type=\"hidden\" name=\"referer_url\" value=\"\" \/><div class=\"forminator-row forminator-row-last\"><div class=\"forminator-col\"><div class=\"forminator-field\"><button class=\"forminator-button forminator-button-submit\"><span>L&auml;het&auml; tilaus<\/span><span aria-hidden=\"true\"><\/span><\/button><\/div><\/div><\/div><input type=\"hidden\" id=\"forminator_nonce\" name=\"forminator_nonce\" value=\"dd2966278b\" \/><input type=\"hidden\" name=\"_wp_http_referer\" value=\"\/demosivu\/wp-json\/wp\/v2\/pages\/1590\" \/><input type=\"hidden\" name=\"form_id\" value=\"1635\"><input type=\"hidden\" name=\"page_id\" value=\"1590\"><input type=\"hidden\" name=\"form_type\" value=\"default\"><input type=\"hidden\" name=\"current_url\" value=\"https:\/\/www.njsa.fi\/demosivu\/verkkotilaus\/\"><input type=\"hidden\" name=\"render_id\" value=\"0\"><input type=\"hidden\" name=\"forminator-multifile-hidden\" class=\"forminator-multifile-hidden\"><input type=\"hidden\" name=\"action\" value=\"forminator_submit_form_custom-forms\"><\/form>\t\t\t\t\t\t\t\t<\/div>\n\t\t\t\t<\/div>\n\t\t\t\t\t<\/div>\n\t\t<\/div>\n\t\t\t\t\t<\/div>\n\t\t<\/section>\n\t\t\t\t<\/div>\n\t\t","protected":false},"excerpt":{"rendered":"<p>Tilauslomake<\/p>\n","protected":false},"author":1,"featured_media":0,"parent":0,"menu_order":0,"comment_status":"closed","ping_status":"closed","template":"","meta":{"_monsterinsights_skip_tracking":false,"_monsterinsights_sitenote_active":false,"_monsterinsights_sitenote_note":"","_monsterinsights_sitenote_category":0,"jetpack_post_was_ever_published":false,"_kad_post_transparent":"","_kad_post_title":"","_kad_post_layout":"","_kad_post_sidebar_id":"","_kad_post_content_style":"","_kad_post_vertical_padding":"","_kad_post_feature":"","_kad_post_feature_position":"","_kad_post_header":false,"_kad_post_footer":false,"_kad_post_classname":"","footnotes":""},"aioseo_notices":[],"jetpack_sharing_enabled":true,"jetpack_shortlink":"https:\/\/wp.me\/PawmUK-pE","jetpack-related-posts":[],"_links":{"self":[{"href":"https:\/\/www.njsa.fi\/demosivu\/wp-json\/wp\/v2\/pages\/1590"}],"collection":[{"href":"https:\/\/www.njsa.fi\/demosivu\/wp-json\/wp\/v2\/pages"}],"about":[{"href":"https:\/\/www.njsa.fi\/demosivu\/wp-json\/wp\/v2\/types\/page"}],"author":[{"embeddable":true,"href":"https:\/\/www.njsa.fi\/demosivu\/wp-json\/wp\/v2\/users\/1"}],"replies":[{"embeddable":true,"href":"https:\/\/www.njsa.fi\/demosivu\/wp-json\/wp\/v2\/comments?post=1590"}],"version-history":[{"count":22,"href":"https:\/\/www.njsa.fi\/demosivu\/wp-json\/wp\/v2\/pages\/1590\/revisions"}],"predecessor-version":[{"id":1886,"href":"https:\/\/www.njsa.fi\/demosivu\/wp-json\/wp\/v2\/pages\/1590\/revisions\/1886"}],"wp:attachment":[{"href":"https:\/\/www.njsa.fi\/demosivu\/wp-json\/wp\/v2\/media?parent=1590"}],"curies":[{"name":"wp","href":"https:\/\/api.w.org\/{rel}","templated":true}]}}