{"id":1555,"date":"2023-03-09T08:34:45","date_gmt":"2023-03-09T08:34:45","guid":{"rendered":"https:\/\/www.njsa.fi\/demosivu\/?page_id=1555"},"modified":"2024-01-23T14:18:13","modified_gmt":"2024-01-23T14:18:13","slug":"sahkotarvikkeet","status":"publish","type":"page","link":"https:\/\/www.njsa.fi\/demosivu\/sahkotarvikkeet\/","title":{"rendered":"S\u00e4hk\u00f6tarvikkeet"},"content":{"rendered":"\t\t<div data-elementor-type=\"wp-page\" data-elementor-id=\"1555\" class=\"elementor elementor-1555\">\n\t\t\t\t<div class=\"elementor-element elementor-element-96a5f8a e-flex e-con-boxed e-con e-parent\" data-id=\"96a5f8a\" data-element_type=\"container\">\n\t\t\t\t\t<div class=\"e-con-inner\">\n\t\t\t\t<div class=\"elementor-element elementor-element-1d0aaa8 elementor-align-center elementor-icon-list--layout-traditional elementor-list-item-link-full_width elementor-widget elementor-widget-icon-list\" data-id=\"1d0aaa8\" data-element_type=\"widget\" data-widget_type=\"icon-list.default\">\n\t\t\t\t<div class=\"elementor-widget-container\">\n\t\t\t\t\t\t\t<ul class=\"elementor-icon-list-items\">\n\t\t\t\t\t\t\t<li class=\"elementor-icon-list-item\">\n\t\t\t\t\t\t\t\t\t\t\t<a href=\"https:\/\/njsa.fi\/demosivu\/sahkotarvikkeet\">\n\n\t\t\t\t\t\t\t\t\t\t\t\t<span class=\"elementor-icon-list-icon\">\n\t\t\t\t\t\t\t<svg aria-hidden=\"true\" class=\"e-font-icon-svg e-fas-plug\" viewBox=\"0 0 384 512\" xmlns=\"http:\/\/www.w3.org\/2000\/svg\"><path d=\"M320,32a32,32,0,0,0-64,0v96h64Zm48,128H16A16,16,0,0,0,0,176v32a16,16,0,0,0,16,16H32v32A160.07,160.07,0,0,0,160,412.8V512h64V412.8A160.07,160.07,0,0,0,352,256V224h16a16,16,0,0,0,16-16V176A16,16,0,0,0,368,160ZM128,32a32,32,0,0,0-64,0v96h64Z\"><\/path><\/svg>\t\t\t\t\t\t<\/span>\n\t\t\t\t\t\t\t\t\t\t<span class=\"elementor-icon-list-text\">S\u00e4hk\u00f6tarvikkeet<\/span>\n\t\t\t\t\t\t\t\t\t\t\t<\/a>\n\t\t\t\t\t\t\t\t\t<\/li>\n\t\t\t\t\t\t<\/ul>\n\t\t\t\t\t\t<\/div>\n\t\t\t\t<\/div>\n\t\t\t\t\t<\/div>\n\t\t\t\t<\/div>\n\t\t\t\t<section class=\"elementor-section elementor-top-section elementor-element elementor-element-61e671a elementor-section-boxed elementor-section-height-default elementor-section-height-default\" data-id=\"61e671a\" data-element_type=\"section\">\n\t\t\t\t\t\t<div class=\"elementor-container elementor-column-gap-default\">\n\t\t\t\t\t<div class=\"elementor-column elementor-col-100 elementor-top-column elementor-element elementor-element-55ed51b\" data-id=\"55ed51b\" data-element_type=\"column\">\n\t\t\t<div class=\"elementor-widget-wrap elementor-element-populated\">\n\t\t\t\t\t\t<div class=\"elementor-element elementor-element-e6a6c26 elementor-widget elementor-widget-text-editor\" data-id=\"e6a6c26\" data-element_type=\"widget\" data-widget_type=\"text-editor.default\">\n\t\t\t\t<div class=\"elementor-widget-container\">\n\t\t\t\t\t\t\t\t\t<p><a href=\"https:\/\/i0.wp.com\/www.njsa.fi\/demosivu\/wp-content\/uploads\/2024\/01\/sonepar-auto-scaled.jpeg?ssl=1\"><img fetchpriority=\"high\" decoding=\"async\" data-attachment-id=\"2042\" data-permalink=\"https:\/\/www.njsa.fi\/demosivu\/sonepar-auto\/\" data-orig-file=\"https:\/\/i0.wp.com\/www.njsa.fi\/demosivu\/wp-content\/uploads\/2024\/01\/sonepar-auto-scaled.jpeg?fit=2560%2C1684&amp;ssl=1\" data-orig-size=\"2560,1684\" data-comments-opened=\"0\" data-image-meta=\"{&quot;aperture&quot;:&quot;0&quot;,&quot;credit&quot;:&quot;&quot;,&quot;camera&quot;:&quot;&quot;,&quot;caption&quot;:&quot;&quot;,&quot;created_timestamp&quot;:&quot;0&quot;,&quot;copyright&quot;:&quot;&quot;,&quot;focal_length&quot;:&quot;0&quot;,&quot;iso&quot;:&quot;0&quot;,&quot;shutter_speed&quot;:&quot;0&quot;,&quot;title&quot;:&quot;&quot;,&quot;orientation&quot;:&quot;0&quot;}\" data-image-title=\"sonepar auto\" data-image-description=\"\" data-image-caption=\"\" data-medium-file=\"https:\/\/i0.wp.com\/www.njsa.fi\/demosivu\/wp-content\/uploads\/2024\/01\/sonepar-auto-scaled.jpeg?fit=300%2C197&amp;ssl=1\" data-large-file=\"https:\/\/i0.wp.com\/www.njsa.fi\/demosivu\/wp-content\/uploads\/2024\/01\/sonepar-auto-scaled.jpeg?fit=1024%2C674&amp;ssl=1\" tabindex=\"0\" role=\"button\" data-recalc-dims=\"1\" class=\" wp-image-2042 alignleft\" src=\"https:\/\/i0.wp.com\/www.njsa.fi\/demosivu\/wp-content\/uploads\/2024\/01\/sonepar-auto.jpeg?resize=476%2C313&#038;ssl=1\" alt=\"\" width=\"476\" height=\"313\" \/><\/a>Kauttamme saatte kaikki s\u00e4hk\u00f6alan tuotteet kilpailukykyiseen hintaan.<\/p><p>Pyyd\u00e4 tarjous projektiinne: <a href=\"mailto:tarjoukset@njsa.fi\">tarjoukset@njsa.fi<\/a>\u00a0tai <a href=\"https:\/\/www.njsa.fi\/demosivu\/tee-tarjouspyynto\/\">lomakkeella<\/a><\/p><p>Toimimme yhteisty\u00f6ss\u00e4 Suomen suurimpien tukkuliikkeiden, maahantuojien ja valmistajien kanssa.<\/p><p><a href=\"https:\/\/www.elparts.fi\/\"><img decoding=\"async\" data-attachment-id=\"1979\" data-permalink=\"https:\/\/www.njsa.fi\/demosivu\/el-parts-logo\/\" data-orig-file=\"https:\/\/i0.wp.com\/www.njsa.fi\/demosivu\/wp-content\/uploads\/2023\/05\/el-parts-logo.png?fit=200%2C200&amp;ssl=1\" data-orig-size=\"200,200\" data-comments-opened=\"0\" data-image-meta=\"{&quot;aperture&quot;:&quot;0&quot;,&quot;credit&quot;:&quot;&quot;,&quot;camera&quot;:&quot;&quot;,&quot;caption&quot;:&quot;&quot;,&quot;created_timestamp&quot;:&quot;0&quot;,&quot;copyright&quot;:&quot;&quot;,&quot;focal_length&quot;:&quot;0&quot;,&quot;iso&quot;:&quot;0&quot;,&quot;shutter_speed&quot;:&quot;0&quot;,&quot;title&quot;:&quot;&quot;,&quot;orientation&quot;:&quot;0&quot;}\" data-image-title=\"el-parts-logo\" data-image-description=\"\" data-image-caption=\"\" data-medium-file=\"https:\/\/i0.wp.com\/www.njsa.fi\/demosivu\/wp-content\/uploads\/2023\/05\/el-parts-logo.png?fit=200%2C200&amp;ssl=1\" data-large-file=\"https:\/\/i0.wp.com\/www.njsa.fi\/demosivu\/wp-content\/uploads\/2023\/05\/el-parts-logo.png?fit=200%2C200&amp;ssl=1\" tabindex=\"0\" role=\"button\" data-recalc-dims=\"1\" class=\"aligncenter wp-image-1979 size-full\" src=\"https:\/\/i0.wp.com\/www.njsa.fi\/demosivu\/wp-content\/uploads\/2023\/05\/el-parts-logo.png?resize=200%2C200&#038;ssl=1\" alt=\"\" width=\"200\" height=\"200\" srcset=\"https:\/\/i0.wp.com\/www.njsa.fi\/demosivu\/wp-content\/uploads\/2023\/05\/el-parts-logo.png?w=200&amp;ssl=1 200w, https:\/\/i0.wp.com\/www.njsa.fi\/demosivu\/wp-content\/uploads\/2023\/05\/el-parts-logo.png?resize=150%2C150&amp;ssl=1 150w\" sizes=\"(max-width: 200px) 100vw, 200px\" \/><\/a><a href=\"https:\/\/www.ahlsell.fi\/\"><img decoding=\"async\" data-attachment-id=\"1981\" data-permalink=\"https:\/\/www.njsa.fi\/demosivu\/1519890049197\/\" data-orig-file=\"https:\/\/i0.wp.com\/www.njsa.fi\/demosivu\/wp-content\/uploads\/2023\/05\/1519890049197-e1684747642275.jpeg?fit=186%2C99&amp;ssl=1\" data-orig-size=\"186,99\" data-comments-opened=\"0\" data-image-meta=\"{&quot;aperture&quot;:&quot;0&quot;,&quot;credit&quot;:&quot;&quot;,&quot;camera&quot;:&quot;&quot;,&quot;caption&quot;:&quot;&quot;,&quot;created_timestamp&quot;:&quot;0&quot;,&quot;copyright&quot;:&quot;&quot;,&quot;focal_length&quot;:&quot;0&quot;,&quot;iso&quot;:&quot;0&quot;,&quot;shutter_speed&quot;:&quot;0&quot;,&quot;title&quot;:&quot;&quot;,&quot;orientation&quot;:&quot;0&quot;}\" data-image-title=\"1519890049197\" data-image-description=\"\" data-image-caption=\"\" data-medium-file=\"https:\/\/i0.wp.com\/www.njsa.fi\/demosivu\/wp-content\/uploads\/2023\/05\/1519890049197-e1684747642275.jpeg?fit=186%2C99&amp;ssl=1\" data-large-file=\"https:\/\/i0.wp.com\/www.njsa.fi\/demosivu\/wp-content\/uploads\/2023\/05\/1519890049197-e1684747642275.jpeg?fit=186%2C99&amp;ssl=1\" tabindex=\"0\" role=\"button\" data-recalc-dims=\"1\" class=\"aligncenter wp-image-1981 size-full\" src=\"https:\/\/i0.wp.com\/www.njsa.fi\/demosivu\/wp-content\/uploads\/2023\/05\/1519890049197-e1684747642275.jpeg?resize=186%2C99&#038;ssl=1\" alt=\"\" width=\"186\" height=\"99\" \/><\/a><a href=\"https:\/\/www.onninen.fi\"><img loading=\"lazy\" decoding=\"async\" data-attachment-id=\"1820\" data-permalink=\"https:\/\/www.njsa.fi\/demosivu\/onninen-logo\/\" data-orig-file=\"https:\/\/i0.wp.com\/www.njsa.fi\/demosivu\/wp-content\/uploads\/2023\/05\/onninen-logo.jpg?fit=466%2C144&amp;ssl=1\" data-orig-size=\"466,144\" data-comments-opened=\"0\" data-image-meta=\"{&quot;aperture&quot;:&quot;0&quot;,&quot;credit&quot;:&quot;Picasa&quot;,&quot;camera&quot;:&quot;&quot;,&quot;caption&quot;:&quot;&quot;,&quot;created_timestamp&quot;:&quot;1582178395&quot;,&quot;copyright&quot;:&quot;&quot;,&quot;focal_length&quot;:&quot;0&quot;,&quot;iso&quot;:&quot;0&quot;,&quot;shutter_speed&quot;:&quot;0&quot;,&quot;title&quot;:&quot;&quot;,&quot;orientation&quot;:&quot;0&quot;}\" data-image-title=\"onninen-logo\" data-image-description=\"\" data-image-caption=\"\" data-medium-file=\"https:\/\/i0.wp.com\/www.njsa.fi\/demosivu\/wp-content\/uploads\/2023\/05\/onninen-logo.jpg?fit=300%2C93&amp;ssl=1\" data-large-file=\"https:\/\/i0.wp.com\/www.njsa.fi\/demosivu\/wp-content\/uploads\/2023\/05\/onninen-logo.jpg?fit=466%2C144&amp;ssl=1\" tabindex=\"0\" role=\"button\" data-recalc-dims=\"1\" class=\"wp-image-1820 aligncenter\" src=\"https:\/\/i0.wp.com\/www.njsa.fi\/demosivu\/wp-content\/uploads\/2023\/05\/onninen-logo.jpg?resize=262%2C81&#038;ssl=1\" alt=\"\" width=\"262\" height=\"81\" srcset=\"https:\/\/i0.wp.com\/www.njsa.fi\/demosivu\/wp-content\/uploads\/2023\/05\/onninen-logo.jpg?w=466&amp;ssl=1 466w, https:\/\/i0.wp.com\/www.njsa.fi\/demosivu\/wp-content\/uploads\/2023\/05\/onninen-logo.jpg?resize=300%2C93&amp;ssl=1 300w\" sizes=\"(max-width: 262px) 100vw, 262px\" \/><\/a><\/p><div><p><a href=\"https:\/\/verkkokauppa.sonepar.fi\/\" target=\"_blank\" rel=\"noopener\"><img loading=\"lazy\" decoding=\"async\" data-attachment-id=\"1834\" data-permalink=\"https:\/\/www.njsa.fi\/demosivu\/sonepar-data\/\" data-orig-file=\"https:\/\/i0.wp.com\/www.njsa.fi\/demosivu\/wp-content\/uploads\/2023\/05\/sonepar-data-e1682948023602.jpg?fit=2160%2C594&amp;ssl=1\" data-orig-size=\"2160,594\" data-comments-opened=\"0\" data-image-meta=\"{&quot;aperture&quot;:&quot;0&quot;,&quot;credit&quot;:&quot;&quot;,&quot;camera&quot;:&quot;&quot;,&quot;caption&quot;:&quot;&quot;,&quot;created_timestamp&quot;:&quot;0&quot;,&quot;copyright&quot;:&quot;&quot;,&quot;focal_length&quot;:&quot;0&quot;,&quot;iso&quot;:&quot;0&quot;,&quot;shutter_speed&quot;:&quot;0&quot;,&quot;title&quot;:&quot;&quot;,&quot;orientation&quot;:&quot;1&quot;}\" data-image-title=\"sonepar-data\" data-image-description=\"\" data-image-caption=\"\" data-medium-file=\"https:\/\/i0.wp.com\/www.njsa.fi\/demosivu\/wp-content\/uploads\/2023\/05\/sonepar-data-e1682948023602.jpg?fit=300%2C83&amp;ssl=1\" data-large-file=\"https:\/\/i0.wp.com\/www.njsa.fi\/demosivu\/wp-content\/uploads\/2023\/05\/sonepar-data-e1682948023602.jpg?fit=1024%2C282&amp;ssl=1\" tabindex=\"0\" role=\"button\" data-recalc-dims=\"1\" class=\"wp-image-1834 size-medium aligncenter\" src=\"https:\/\/i0.wp.com\/www.njsa.fi\/demosivu\/wp-content\/uploads\/2023\/05\/sonepar-data-e1682948023602-300x83.jpg?resize=300%2C83&#038;ssl=1\" alt=\"\" width=\"300\" height=\"83\" srcset=\"https:\/\/i0.wp.com\/www.njsa.fi\/demosivu\/wp-content\/uploads\/2023\/05\/sonepar-data-e1682948023602.jpg?resize=300%2C83&amp;ssl=1 300w, https:\/\/i0.wp.com\/www.njsa.fi\/demosivu\/wp-content\/uploads\/2023\/05\/sonepar-data-e1682948023602.jpg?resize=1024%2C282&amp;ssl=1 1024w, https:\/\/i0.wp.com\/www.njsa.fi\/demosivu\/wp-content\/uploads\/2023\/05\/sonepar-data-e1682948023602.jpg?resize=768%2C211&amp;ssl=1 768w, https:\/\/i0.wp.com\/www.njsa.fi\/demosivu\/wp-content\/uploads\/2023\/05\/sonepar-data-e1682948023602.jpg?resize=1536%2C422&amp;ssl=1 1536w, https:\/\/i0.wp.com\/www.njsa.fi\/demosivu\/wp-content\/uploads\/2023\/05\/sonepar-data-e1682948023602.jpg?resize=2048%2C563&amp;ssl=1 2048w\" sizes=\"(max-width: 300px) 100vw, 300px\" \/><\/a><a href=\"https:\/\/www.rexel.fi\/etusivu.html\" target=\"_blank\" rel=\"noopener\"><img loading=\"lazy\" decoding=\"async\" data-attachment-id=\"1830\" data-permalink=\"https:\/\/www.njsa.fi\/demosivu\/rexel\/\" data-orig-file=\"https:\/\/i0.wp.com\/www.njsa.fi\/demosivu\/wp-content\/uploads\/2023\/05\/Rexel.jpg?fit=598%2C313&amp;ssl=1\" data-orig-size=\"598,313\" data-comments-opened=\"0\" data-image-meta=\"{&quot;aperture&quot;:&quot;0&quot;,&quot;credit&quot;:&quot;&quot;,&quot;camera&quot;:&quot;&quot;,&quot;caption&quot;:&quot;&quot;,&quot;created_timestamp&quot;:&quot;0&quot;,&quot;copyright&quot;:&quot;&quot;,&quot;focal_length&quot;:&quot;0&quot;,&quot;iso&quot;:&quot;0&quot;,&quot;shutter_speed&quot;:&quot;0&quot;,&quot;title&quot;:&quot;&quot;,&quot;orientation&quot;:&quot;0&quot;}\" data-image-title=\"Rexel\" data-image-description=\"\" data-image-caption=\"\" data-medium-file=\"https:\/\/i0.wp.com\/www.njsa.fi\/demosivu\/wp-content\/uploads\/2023\/05\/Rexel.jpg?fit=300%2C157&amp;ssl=1\" data-large-file=\"https:\/\/i0.wp.com\/www.njsa.fi\/demosivu\/wp-content\/uploads\/2023\/05\/Rexel.jpg?fit=598%2C313&amp;ssl=1\" tabindex=\"0\" role=\"button\" data-recalc-dims=\"1\" class=\"wp-image-1830 size-medium aligncenter\" src=\"https:\/\/i0.wp.com\/www.njsa.fi\/demosivu\/wp-content\/uploads\/2023\/05\/Rexel.jpg?resize=300%2C157&#038;ssl=1\" alt=\"\" width=\"300\" height=\"157\" srcset=\"https:\/\/i0.wp.com\/www.njsa.fi\/demosivu\/wp-content\/uploads\/2023\/05\/Rexel.jpg?w=598&amp;ssl=1 598w, https:\/\/i0.wp.com\/www.njsa.fi\/demosivu\/wp-content\/uploads\/2023\/05\/Rexel.jpg?resize=300%2C157&amp;ssl=1 300w\" sizes=\"(max-width: 300px) 100vw, 300px\" \/><\/a><\/p><\/div><div>\u00a0<\/div><p><img loading=\"lazy\" decoding=\"async\" data-attachment-id=\"1916\" data-permalink=\"https:\/\/www.njsa.fi\/demosivu\/abb-logo\/\" data-orig-file=\"https:\/\/i0.wp.com\/www.njsa.fi\/demosivu\/wp-content\/uploads\/2023\/05\/ABB-Logo-e1682954577959.webp?fit=805%2C327&amp;ssl=1\" data-orig-size=\"805,327\" data-comments-opened=\"0\" data-image-meta=\"{&quot;aperture&quot;:&quot;0&quot;,&quot;credit&quot;:&quot;&quot;,&quot;camera&quot;:&quot;&quot;,&quot;caption&quot;:&quot;&quot;,&quot;created_timestamp&quot;:&quot;0&quot;,&quot;copyright&quot;:&quot;&quot;,&quot;focal_length&quot;:&quot;0&quot;,&quot;iso&quot;:&quot;0&quot;,&quot;shutter_speed&quot;:&quot;0&quot;,&quot;title&quot;:&quot;&quot;,&quot;orientation&quot;:&quot;0&quot;}\" data-image-title=\"ABB-Logo\" data-image-description=\"\" data-image-caption=\"\" data-medium-file=\"https:\/\/i0.wp.com\/www.njsa.fi\/demosivu\/wp-content\/uploads\/2023\/05\/ABB-Logo-e1682954577959.webp?fit=300%2C122&amp;ssl=1\" data-large-file=\"https:\/\/i0.wp.com\/www.njsa.fi\/demosivu\/wp-content\/uploads\/2023\/05\/ABB-Logo-e1682954577959.webp?fit=805%2C327&amp;ssl=1\" tabindex=\"0\" role=\"button\" data-recalc-dims=\"1\" class=\"wp-image-1916 size-medium aligncenter\" src=\"https:\/\/i0.wp.com\/www.njsa.fi\/demosivu\/wp-content\/uploads\/2023\/05\/ABB-Logo-e1682954577959-300x122.webp?resize=300%2C122&#038;ssl=1\" alt=\"\" width=\"300\" height=\"122\" srcset=\"https:\/\/i0.wp.com\/www.njsa.fi\/demosivu\/wp-content\/uploads\/2023\/05\/ABB-Logo-e1682954577959.webp?resize=300%2C122&amp;ssl=1 300w, https:\/\/i0.wp.com\/www.njsa.fi\/demosivu\/wp-content\/uploads\/2023\/05\/ABB-Logo-e1682954577959.webp?resize=768%2C312&amp;ssl=1 768w, https:\/\/i0.wp.com\/www.njsa.fi\/demosivu\/wp-content\/uploads\/2023\/05\/ABB-Logo-e1682954577959.webp?w=805&amp;ssl=1 805w\" sizes=\"(max-width: 300px) 100vw, 300px\" \/><\/p><p><a href=\"https:\/\/i0.wp.com\/www.njsa.fi\/demosivu\/wp-content\/uploads\/2023\/05\/we3757w528-webasto-logo-webasto-logo-png-transparent-amp-svg-vector-freebie-supply.png?ssl=1\"><img loading=\"lazy\" decoding=\"async\" data-attachment-id=\"1978\" data-permalink=\"https:\/\/www.njsa.fi\/demosivu\/we3757w528-webasto-logo-webasto-logo-png-transparent-amp-svg-vector-freebie-supply\/\" data-orig-file=\"https:\/\/i0.wp.com\/www.njsa.fi\/demosivu\/wp-content\/uploads\/2023\/05\/we3757w528-webasto-logo-webasto-logo-png-transparent-amp-svg-vector-freebie-supply-e1684747674280.png?fit=796%2C310&amp;ssl=1\" data-orig-size=\"796,310\" data-comments-opened=\"0\" data-image-meta=\"{&quot;aperture&quot;:&quot;0&quot;,&quot;credit&quot;:&quot;&quot;,&quot;camera&quot;:&quot;&quot;,&quot;caption&quot;:&quot;&quot;,&quot;created_timestamp&quot;:&quot;0&quot;,&quot;copyright&quot;:&quot;&quot;,&quot;focal_length&quot;:&quot;0&quot;,&quot;iso&quot;:&quot;0&quot;,&quot;shutter_speed&quot;:&quot;0&quot;,&quot;title&quot;:&quot;&quot;,&quot;orientation&quot;:&quot;0&quot;}\" data-image-title=\"we3757w528-webasto-logo-webasto-logo-png-transparent-amp-svg-vector-freebie-supply\" data-image-description=\"\" data-image-caption=\"\" data-medium-file=\"https:\/\/i0.wp.com\/www.njsa.fi\/demosivu\/wp-content\/uploads\/2023\/05\/we3757w528-webasto-logo-webasto-logo-png-transparent-amp-svg-vector-freebie-supply-e1684747674280.png?fit=300%2C117&amp;ssl=1\" data-large-file=\"https:\/\/i0.wp.com\/www.njsa.fi\/demosivu\/wp-content\/uploads\/2023\/05\/we3757w528-webasto-logo-webasto-logo-png-transparent-amp-svg-vector-freebie-supply-e1684747674280.png?fit=796%2C310&amp;ssl=1\" tabindex=\"0\" role=\"button\" data-recalc-dims=\"1\" class=\"aligncenter wp-image-1978 size-medium\" src=\"https:\/\/i0.wp.com\/www.njsa.fi\/demosivu\/wp-content\/uploads\/2023\/05\/we3757w528-webasto-logo-webasto-logo-png-transparent-amp-svg-vector-freebie-supply-e1684747674280-300x117.png?resize=300%2C117&#038;ssl=1\" alt=\"\" width=\"300\" height=\"117\" srcset=\"https:\/\/i0.wp.com\/www.njsa.fi\/demosivu\/wp-content\/uploads\/2023\/05\/we3757w528-webasto-logo-webasto-logo-png-transparent-amp-svg-vector-freebie-supply-e1684747674280.png?resize=300%2C117&amp;ssl=1 300w, https:\/\/i0.wp.com\/www.njsa.fi\/demosivu\/wp-content\/uploads\/2023\/05\/we3757w528-webasto-logo-webasto-logo-png-transparent-amp-svg-vector-freebie-supply-e1684747674280.png?resize=768%2C299&amp;ssl=1 768w, https:\/\/i0.wp.com\/www.njsa.fi\/demosivu\/wp-content\/uploads\/2023\/05\/we3757w528-webasto-logo-webasto-logo-png-transparent-amp-svg-vector-freebie-supply-e1684747674280.png?w=796&amp;ssl=1 796w\" sizes=\"(max-width: 300px) 100vw, 300px\" \/><\/a><\/p>\t\t\t\t\t\t\t\t<\/div>\n\t\t\t\t<\/div>\n\t\t\t\t\t<\/div>\n\t\t<\/div>\n\t\t\t\t\t<\/div>\n\t\t<\/section>\n\t\t\t\t<\/div>\n\t\t","protected":false},"excerpt":{"rendered":"<p>S\u00e4hk\u00f6tarvikkeet Kauttamme saatte kaikki s\u00e4hk\u00f6alan tuotteet kilpailukykyiseen hintaan. Pyyd\u00e4 tarjous projektiinne: tarjoukset@njsa.fi\u00a0tai lomakkeella Toimimme yhteisty\u00f6ss\u00e4 Suomen suurimpien tukkuliikkeiden, maahantuojien ja valmistajien kanssa. \u00a0<\/p>\n","protected":false},"author":3,"featured_media":0,"parent":0,"menu_order":0,"comment_status":"closed","ping_status":"closed","template":"","meta":{"_monsterinsights_skip_tracking":false,"_monsterinsights_sitenote_active":false,"_monsterinsights_sitenote_note":"","_monsterinsights_sitenote_category":0,"jetpack_post_was_ever_published":false,"_kad_post_transparent":"","_kad_post_title":"","_kad_post_layout":"","_kad_post_sidebar_id":"","_kad_post_content_style":"","_kad_post_vertical_padding":"","_kad_post_feature":"","_kad_post_feature_position":"","_kad_post_header":false,"_kad_post_footer":false,"_kad_post_classname":"","footnotes":""},"aioseo_notices":[],"jetpack_sharing_enabled":true,"jetpack_shortlink":"https:\/\/wp.me\/PawmUK-p5","jetpack-related-posts":[],"_links":{"self":[{"href":"https:\/\/www.njsa.fi\/demosivu\/wp-json\/wp\/v2\/pages\/1555"}],"collection":[{"href":"https:\/\/www.njsa.fi\/demosivu\/wp-json\/wp\/v2\/pages"}],"about":[{"href":"https:\/\/www.njsa.fi\/demosivu\/wp-json\/wp\/v2\/types\/page"}],"author":[{"embeddable":true,"href":"https:\/\/www.njsa.fi\/demosivu\/wp-json\/wp\/v2\/users\/3"}],"replies":[{"embeddable":true,"href":"https:\/\/www.njsa.fi\/demosivu\/wp-json\/wp\/v2\/comments?post=1555"}],"version-history":[{"count":22,"href":"https:\/\/www.njsa.fi\/demosivu\/wp-json\/wp\/v2\/pages\/1555\/revisions"}],"predecessor-version":[{"id":2045,"href":"https:\/\/www.njsa.fi\/demosivu\/wp-json\/wp\/v2\/pages\/1555\/revisions\/2045"}],"wp:attachment":[{"href":"https:\/\/www.njsa.fi\/demosivu\/wp-json\/wp\/v2\/media?parent=1555"}],"curies":[{"name":"wp","href":"https:\/\/api.w.org\/{rel}","templated":true}]}}