{"id":1502,"date":"2023-03-08T19:27:23","date_gmt":"2023-03-08T19:27:23","guid":{"rendered":"https:\/\/www.njsa.fi\/demosivu\/?page_id=1502"},"modified":"2024-01-23T16:30:58","modified_gmt":"2024-01-23T16:30:58","slug":"sahkoauton-lataus","status":"publish","type":"page","link":"https:\/\/www.njsa.fi\/demosivu\/sahkoauton-lataus\/","title":{"rendered":"S\u00e4hk\u00f6auton lataus"},"content":{"rendered":"\t\t<div data-elementor-type=\"wp-page\" data-elementor-id=\"1502\" class=\"elementor elementor-1502\">\n\t\t\t\t<div class=\"elementor-element elementor-element-4e7bd8f e-flex e-con-boxed e-con e-parent\" data-id=\"4e7bd8f\" data-element_type=\"container\">\n\t\t\t\t\t<div class=\"e-con-inner\">\n\t\t\t\t<div class=\"elementor-element elementor-element-2ce485e elementor-align-center elementor-icon-list--layout-traditional elementor-list-item-link-full_width elementor-widget elementor-widget-icon-list\" data-id=\"2ce485e\" data-element_type=\"widget\" data-widget_type=\"icon-list.default\">\n\t\t\t\t<div class=\"elementor-widget-container\">\n\t\t\t\t\t\t\t<ul class=\"elementor-icon-list-items\">\n\t\t\t\t\t\t\t<li class=\"elementor-icon-list-item\">\n\t\t\t\t\t\t\t\t\t\t\t<span class=\"elementor-icon-list-icon\">\n\t\t\t\t\t\t\t<svg aria-hidden=\"true\" class=\"e-font-icon-svg e-fas-gas-pump\" viewBox=\"0 0 512 512\" xmlns=\"http:\/\/www.w3.org\/2000\/svg\"><path d=\"M336 448H16c-8.8 0-16 7.2-16 16v32c0 8.8 7.2 16 16 16h320c8.8 0 16-7.2 16-16v-32c0-8.8-7.2-16-16-16zm157.2-340.7l-81-81c-6.2-6.2-16.4-6.2-22.6 0l-11.3 11.3c-6.2 6.2-6.2 16.4 0 22.6L416 97.9V160c0 28.1 20.9 51.3 48 55.2V376c0 13.2-10.8 24-24 24s-24-10.8-24-24v-32c0-48.6-39.4-88-88-88h-8V64c0-35.3-28.7-64-64-64H96C60.7 0 32 28.7 32 64v352h288V304h8c22.1 0 40 17.9 40 40v27.8c0 37.7 27 72 64.5 75.9 43 4.3 79.5-29.5 79.5-71.7V152.6c0-17-6.8-33.3-18.8-45.3zM256 192H96V64h160v128z\"><\/path><\/svg>\t\t\t\t\t\t<\/span>\n\t\t\t\t\t\t\t\t\t\t<span class=\"elementor-icon-list-text\">S\u00e4hk\u00f6auton lataus<\/span>\n\t\t\t\t\t\t\t\t\t<\/li>\n\t\t\t\t\t\t<\/ul>\n\t\t\t\t\t\t<\/div>\n\t\t\t\t<\/div>\n\t\t\t\t\t<\/div>\n\t\t\t\t<\/div>\n\t\t<div class=\"elementor-element elementor-element-287027d e-flex e-con-boxed e-con e-parent\" data-id=\"287027d\" data-element_type=\"container\">\n\t\t\t\t\t<div class=\"e-con-inner\">\n\t\t\t\t<div class=\"elementor-element elementor-element-9a9ebb9 elementor-widget elementor-widget-text-editor\" data-id=\"9a9ebb9\" data-element_type=\"widget\" data-widget_type=\"text-editor.default\">\n\t\t\t\t<div class=\"elementor-widget-container\">\n\t\t\t\t\t\t\t\t\t<p>Suunnittelemme ja toteutamme yksitt\u00e4isten latausasemien ja suurempien latausj\u00e4rjestelmien asennukset Etel\u00e4-Suomen alueella. Lis\u00e4ksi toimimme usealle latausasematoimittajalle virallisena asennuskumppanina p\u00e4\u00e4kaupunkiseudun alueella.<\/p><p>Yksitt\u00e4isi\u00e4 latausasemia asennamme vuositasolla yli 1000 KPL. ja isompia projekteja toteutamme tilanteen mukaan. Tarjoamme yhteysty\u00f6kumppaniverkostomme kautta my\u00f6s maankaivuu -ja asfaltointity\u00f6t.<\/p>\t\t\t\t\t\t\t\t<\/div>\n\t\t\t\t<\/div>\n\t\t\t\t\t<\/div>\n\t\t\t\t<\/div>\n\t\t<div class=\"elementor-element elementor-element-243886f e-flex e-con-boxed e-con e-parent\" data-id=\"243886f\" data-element_type=\"container\">\n\t\t\t\t\t<div class=\"e-con-inner\">\n\t\t<div class=\"elementor-element elementor-element-12914a7 e-con-full e-flex e-con e-child\" data-id=\"12914a7\" data-element_type=\"container\">\n\t\t\t\t<div class=\"elementor-element elementor-element-11f45e7 elementor-widget elementor-widget-image\" data-id=\"11f45e7\" data-element_type=\"widget\" data-widget_type=\"image.default\">\n\t\t\t\t<div class=\"elementor-widget-container\">\n\t\t\t\t\t\t\t\t\t\t\t\t\t\t\t<img decoding=\"async\" src=\"https:\/\/i0.wp.com\/www.njsa.fi\/demosivu\/wp-content\/uploads\/2022\/01\/WhatsApp-Image-2022-01-12-at-21.40.51-1.jpeg?fit=500%2C500&#038;ssl=1\" title=\"WhatsApp Image 2022-01-12 at 21.40.51 (1)\" alt=\"WhatsApp Image 2022-01-12 at 21.40.51 (1)\" loading=\"lazy\" \/>\t\t\t\t\t\t\t\t\t\t\t\t\t\t\t<\/div>\n\t\t\t\t<\/div>\n\t\t\t\t<\/div>\n\t\t<div class=\"elementor-element elementor-element-9c05235 e-con-full e-flex e-con e-child\" data-id=\"9c05235\" data-element_type=\"container\">\n\t\t<div class=\"elementor-element elementor-element-cd772c8 e-flex e-con-boxed e-con e-child\" data-id=\"cd772c8\" data-element_type=\"container\">\n\t\t\t\t\t<div class=\"e-con-inner\">\n\t\t\t\t<div class=\"elementor-element elementor-element-b84aaaa elementor-widget elementor-widget-text-editor\" data-id=\"b84aaaa\" data-element_type=\"widget\" data-widget_type=\"text-editor.default\">\n\t\t\t\t<div class=\"elementor-widget-container\">\n\t\t\t\t\t\t\t\t\t<p>Emme ole sitoutuneita yksitt\u00e4isiin tuotteisiin vaan valikoimamme kattaa mm. seuraavien valmistajien latausasemat:<\/p><ul><li>Webasto<\/li><li>Charge Amps<\/li><li>Fibox<\/li><li>Zaptec<\/li><li>Satmatic<\/li><li>Garo<\/li><li>Defa<\/li><li>UTU<\/li><li>Finlux<\/li><li>Walle<\/li><li>ABB<\/li><li>Ensto<\/li><li>Keba<\/li><li>Alfen<\/li><\/ul><p>\u00a0<\/p>\t\t\t\t\t\t\t\t<\/div>\n\t\t\t\t<\/div>\n\t\t\t\t\t<\/div>\n\t\t\t\t<\/div>\n\t\t\t\t<\/div>\n\t\t\t\t\t<\/div>\n\t\t\t\t<\/div>\n\t\t<div class=\"elementor-element elementor-element-d41d15a e-flex e-con-boxed e-con e-parent\" data-id=\"d41d15a\" data-element_type=\"container\">\n\t\t\t\t\t<div class=\"e-con-inner\">\n\t\t\t\t<div class=\"elementor-element elementor-element-6ed0e20 elementor-widget elementor-widget-text-editor\" data-id=\"6ed0e20\" data-element_type=\"widget\" data-widget_type=\"text-editor.default\">\n\t\t\t\t<div class=\"elementor-widget-container\">\n\t\t\t\t\t\t\t\t\t<p>T\u00e4st\u00e4 valikoimasta l\u00f6yd\u00e4mme parhaiten juuri teid\u00e4n kohteeseen sopivan latausaseman.<\/p><p>Kauttamme saatte my\u00f6s kaikki mahdolliset lis\u00e4tarvikkeet autonlataukseen liittyen.\u00a0<\/p><p>Oli kyseess\u00e4 yksitt\u00e4inen asema tai suurempi latausj\u00e4rjestelm\u00e4 asennus tehd\u00e4\u00e4n aina hyvi\u00e4 asennustapoja ja huolellisuutta noudattaen.\u00a0<\/p>\t\t\t\t\t\t\t\t<\/div>\n\t\t\t\t<\/div>\n\t\t\t\t\t<\/div>\n\t\t\t\t<\/div>\n\t\t\t\t<\/div>\n\t\t","protected":false},"excerpt":{"rendered":"<p>S\u00e4hk\u00f6auton lataus Suunnittelemme ja toteutamme yksitt\u00e4isten latausasemien ja suurempien latausj\u00e4rjestelmien asennukset Etel\u00e4-Suomen alueella. Lis\u00e4ksi toimimme usealle latausasematoimittajalle virallisena asennuskumppanina p\u00e4\u00e4kaupunkiseudun alueella. Yksitt\u00e4isi\u00e4 latausasemia asennamme vuositasolla yli 1000 KPL. ja isompia projekteja toteutamme tilanteen mukaan. Tarjoamme yhteysty\u00f6kumppaniverkostomme kautta my\u00f6s maankaivuu -ja asfaltointity\u00f6t. Emme ole sitoutuneita yksitt\u00e4isiin tuotteisiin vaan valikoimamme kattaa mm. seuraavien valmistajien latausasemat: Webasto Charge&#8230;<\/p>\n","protected":false},"author":1,"featured_media":0,"parent":0,"menu_order":0,"comment_status":"closed","ping_status":"closed","template":"","meta":{"_monsterinsights_skip_tracking":false,"_monsterinsights_sitenote_active":false,"_monsterinsights_sitenote_note":"","_monsterinsights_sitenote_category":0,"jetpack_post_was_ever_published":false,"_kad_post_transparent":"","_kad_post_title":"","_kad_post_layout":"","_kad_post_sidebar_id":"","_kad_post_content_style":"","_kad_post_vertical_padding":"","_kad_post_feature":"","_kad_post_feature_position":"","_kad_post_header":false,"_kad_post_footer":false,"_kad_post_classname":"","footnotes":""},"aioseo_notices":[],"jetpack_sharing_enabled":true,"jetpack_shortlink":"https:\/\/wp.me\/PawmUK-oe","jetpack-related-posts":[],"_links":{"self":[{"href":"https:\/\/www.njsa.fi\/demosivu\/wp-json\/wp\/v2\/pages\/1502"}],"collection":[{"href":"https:\/\/www.njsa.fi\/demosivu\/wp-json\/wp\/v2\/pages"}],"about":[{"href":"https:\/\/www.njsa.fi\/demosivu\/wp-json\/wp\/v2\/types\/page"}],"author":[{"embeddable":true,"href":"https:\/\/www.njsa.fi\/demosivu\/wp-json\/wp\/v2\/users\/1"}],"replies":[{"embeddable":true,"href":"https:\/\/www.njsa.fi\/demosivu\/wp-json\/wp\/v2\/comments?post=1502"}],"version-history":[{"count":16,"href":"https:\/\/www.njsa.fi\/demosivu\/wp-json\/wp\/v2\/pages\/1502\/revisions"}],"predecessor-version":[{"id":2091,"href":"https:\/\/www.njsa.fi\/demosivu\/wp-json\/wp\/v2\/pages\/1502\/revisions\/2091"}],"wp:attachment":[{"href":"https:\/\/www.njsa.fi\/demosivu\/wp-json\/wp\/v2\/media?parent=1502"}],"curies":[{"name":"wp","href":"https:\/\/api.w.org\/{rel}","templated":true}]}}