{"id":1493,"date":"2023-03-08T19:17:10","date_gmt":"2023-03-08T19:17:10","guid":{"rendered":"https:\/\/www.njsa.fi\/demosivu\/?page_id=1493"},"modified":"2024-01-23T17:42:10","modified_gmt":"2024-01-23T17:42:10","slug":"sahkohuoltotyot","status":"publish","type":"page","link":"https:\/\/www.njsa.fi\/demosivu\/sahkohuoltotyot\/","title":{"rendered":"S\u00e4hk\u00f6huoltoty\u00f6t"},"content":{"rendered":"\t\t<div data-elementor-type=\"wp-page\" data-elementor-id=\"1493\" class=\"elementor elementor-1493\">\n\t\t\t\t<div class=\"elementor-element elementor-element-628c505 e-flex e-con-boxed e-con e-parent\" data-id=\"628c505\" data-element_type=\"container\">\n\t\t\t\t\t<div class=\"e-con-inner\">\n\t\t<div class=\"elementor-element elementor-element-90da4d4 e-con-full e-flex e-con e-child\" data-id=\"90da4d4\" data-element_type=\"container\">\n\t\t\t\t<div class=\"elementor-element elementor-element-9f7bc36 elementor-widget elementor-widget-image\" data-id=\"9f7bc36\" data-element_type=\"widget\" data-widget_type=\"image.default\">\n\t\t\t\t<div class=\"elementor-widget-container\">\n\t\t\t\t\t\t\t\t\t\t\t\t\t\t\t<img decoding=\"async\" src=\"https:\/\/i0.wp.com\/www.njsa.fi\/demosivu\/wp-content\/uploads\/2024\/01\/13c94a2a-1e96-43cb-9bee-5fdd89d36724-1-1.jpg?fit=623%2C498&#038;ssl=1\" title=\"13c94a2a-1e96-43cb-9bee-5fdd89d36724-1-1\" alt=\"13c94a2a-1e96-43cb-9bee-5fdd89d36724-1-1\" loading=\"lazy\" \/>\t\t\t\t\t\t\t\t\t\t\t\t\t\t\t<\/div>\n\t\t\t\t<\/div>\n\t\t\t\t<\/div>\n\t\t<div class=\"elementor-element elementor-element-6bb0293 e-con-full e-flex e-con e-child\" data-id=\"6bb0293\" data-element_type=\"container\">\n\t\t<div class=\"elementor-element elementor-element-b75e7c9 e-flex e-con-boxed e-con e-child\" data-id=\"b75e7c9\" data-element_type=\"container\">\n\t\t\t\t\t<div class=\"e-con-inner\">\n\t\t\t\t<div class=\"elementor-element elementor-element-7c3b9e0 elementor-widget elementor-widget-text-editor\" data-id=\"7c3b9e0\" data-element_type=\"widget\" data-widget_type=\"text-editor.default\">\n\t\t\t\t<div class=\"elementor-widget-container\">\n\t\t\t\t\t\t\t\t\t<p><strong>Nurmij\u00e4rven S\u00e4hk\u00f6asennus Oy palvelee Etel\u00e4 Suomen alueella asiakkaita isojen ja pienien s\u00e4hk\u00f6vikojen sek\u00e4 s\u00e4hk\u00f6laitteistojen korjauksessa.<\/strong><\/p>\t\t\t\t\t\t\t\t<\/div>\n\t\t\t\t<\/div>\n\t\t\t\t\t<\/div>\n\t\t\t\t<\/div>\n\t\t<div class=\"elementor-element elementor-element-f07ba05 e-flex e-con-boxed e-con e-child\" data-id=\"f07ba05\" data-element_type=\"container\">\n\t\t\t\t\t<div class=\"e-con-inner\">\n\t\t\t\t<div class=\"elementor-element elementor-element-48a8801 elementor-widget elementor-widget-text-editor\" data-id=\"48a8801\" data-element_type=\"widget\" data-widget_type=\"text-editor.default\">\n\t\t\t\t<div class=\"elementor-widget-container\">\n\t\t\t\t\t\t\t\t\t<p>Pieni\u00e4 s\u00e4hk\u00f6huoltot\u00f6it\u00e4 ovat esimerkiksi:<\/p><ul><li>Lattial\u00e4mmitystermostaatin vaihto<\/li><li>L\u00e4mmityspatterin vaihto<\/li><li>Rikkoutuneen valaisimen, kytkimen tai pistorasian vaihto<\/li><li>Maakaapeliviat ja niiden korjaus<\/li><\/ul><p><span style=\"color: var( --e-global-color-text ); font-family: var( --e-global-typography-text-font-family ), Alef Hebrew; font-weight: var( --e-global-typography-text-font-weight );\">Kauttamme saatte laitekorjaukset ja varaosat esimerkiksi:<\/span><\/p><ul><li>Ilmanvaihtokoneisiin, huippuimureihin ja liesituulettimiin. (Esim. <span style=\"color: var( --e-global-color-text ); font-family: var( --e-global-typography-text-font-family ), Alef Hebrew; font-weight: var( --e-global-typography-text-font-weight );\">Vallox, Swegon, Lapetek ja Savo<\/span><span style=\"color: var( --e-global-color-text ); font-family: var( --e-global-typography-text-font-family ), Alef Hebrew; font-weight: var( --e-global-typography-text-font-weight );\">)<\/span><\/li><li>Yleisimpiin kiukaisiin ja kiuasohjauskeskuksiin. (Esim. Helo, Harvia ja Ikikiuas).<\/li><li>Yleisimpiin l\u00e4mmitysj\u00e4rjestelmiin ja l\u00e4mminvesivaraajiin. (Esim. J\u00e4spi, Metro ja Haato)<\/li><\/ul><p>Ota yhteytt\u00e4: <a href=\"mailto:tarjoukset@njsa.fi\">tarjoukset@njsa.fi <\/a>tai soita <a href=\"http:\/\/callto:0207313300\">0207313300<\/a><\/p>\t\t\t\t\t\t\t\t<\/div>\n\t\t\t\t<\/div>\n\t\t\t\t\t<\/div>\n\t\t\t\t<\/div>\n\t\t\t\t<\/div>\n\t\t\t\t\t<\/div>\n\t\t\t\t<\/div>\n\t\t\t\t<\/div>\n\t\t","protected":false},"excerpt":{"rendered":"<p>Nurmij\u00e4rven S\u00e4hk\u00f6asennus Oy palvelee Etel\u00e4 Suomen alueella asiakkaita isojen ja pienien s\u00e4hk\u00f6vikojen sek\u00e4 s\u00e4hk\u00f6laitteistojen korjauksessa. Pieni\u00e4 s\u00e4hk\u00f6huoltot\u00f6it\u00e4 ovat esimerkiksi: Lattial\u00e4mmitystermostaatin vaihto L\u00e4mmityspatterin vaihto Rikkoutuneen valaisimen, kytkimen tai pistorasian vaihto Maakaapeliviat ja niiden korjaus Kauttamme saatte laitekorjaukset ja varaosat esimerkiksi: Ilmanvaihtokoneisiin, huippuimureihin ja liesituulettimiin. (Esim. Vallox, Swegon, Lapetek ja Savo) Yleisimpiin kiukaisiin ja kiuasohjauskeskuksiin. (Esim. Helo,&#8230;<\/p>\n","protected":false},"author":1,"featured_media":0,"parent":0,"menu_order":0,"comment_status":"closed","ping_status":"closed","template":"","meta":{"_monsterinsights_skip_tracking":false,"_monsterinsights_sitenote_active":false,"_monsterinsights_sitenote_note":"","_monsterinsights_sitenote_category":0,"jetpack_post_was_ever_published":false,"_kad_post_transparent":"","_kad_post_title":"","_kad_post_layout":"","_kad_post_sidebar_id":"","_kad_post_content_style":"","_kad_post_vertical_padding":"","_kad_post_feature":"","_kad_post_feature_position":"","_kad_post_header":false,"_kad_post_footer":false,"_kad_post_classname":"","footnotes":""},"aioseo_notices":[],"jetpack_sharing_enabled":true,"jetpack_shortlink":"https:\/\/wp.me\/PawmUK-o5","jetpack-related-posts":[],"_links":{"self":[{"href":"https:\/\/www.njsa.fi\/demosivu\/wp-json\/wp\/v2\/pages\/1493"}],"collection":[{"href":"https:\/\/www.njsa.fi\/demosivu\/wp-json\/wp\/v2\/pages"}],"about":[{"href":"https:\/\/www.njsa.fi\/demosivu\/wp-json\/wp\/v2\/types\/page"}],"author":[{"embeddable":true,"href":"https:\/\/www.njsa.fi\/demosivu\/wp-json\/wp\/v2\/users\/1"}],"replies":[{"embeddable":true,"href":"https:\/\/www.njsa.fi\/demosivu\/wp-json\/wp\/v2\/comments?post=1493"}],"version-history":[{"count":53,"href":"https:\/\/www.njsa.fi\/demosivu\/wp-json\/wp\/v2\/pages\/1493\/revisions"}],"predecessor-version":[{"id":2151,"href":"https:\/\/www.njsa.fi\/demosivu\/wp-json\/wp\/v2\/pages\/1493\/revisions\/2151"}],"wp:attachment":[{"href":"https:\/\/www.njsa.fi\/demosivu\/wp-json\/wp\/v2\/media?parent=1493"}],"curies":[{"name":"wp","href":"https:\/\/api.w.org\/{rel}","templated":true}]}}