{"id":1491,"date":"2023-03-08T19:15:14","date_gmt":"2023-03-08T19:15:14","guid":{"rendered":"https:\/\/www.njsa.fi\/demosivu\/?page_id=1491"},"modified":"2024-01-23T17:57:17","modified_gmt":"2024-01-23T17:57:17","slug":"sahkourakointi","status":"publish","type":"page","link":"https:\/\/www.njsa.fi\/demosivu\/sahkourakointi\/","title":{"rendered":"S\u00e4hk\u00f6urakointi"},"content":{"rendered":"\t\t<div data-elementor-type=\"wp-page\" data-elementor-id=\"1491\" class=\"elementor elementor-1491\">\n\t\t\t\t<div class=\"elementor-element elementor-element-981a599 e-flex e-con-boxed e-con e-parent\" data-id=\"981a599\" data-element_type=\"container\">\n\t\t\t\t\t<div class=\"e-con-inner\">\n\t\t\t\t<div class=\"elementor-element elementor-element-ae9545f elementor-align-center elementor-icon-list--layout-traditional elementor-list-item-link-full_width elementor-widget elementor-widget-icon-list\" data-id=\"ae9545f\" data-element_type=\"widget\" data-widget_type=\"icon-list.default\">\n\t\t\t\t<div class=\"elementor-widget-container\">\n\t\t\t\t\t\t\t<ul class=\"elementor-icon-list-items\">\n\t\t\t\t\t\t\t<li class=\"elementor-icon-list-item\">\n\t\t\t\t\t\t\t\t\t\t\t<a href=\"https:\/\/njsa.fi\/demosivu\/sahkourakointi\">\n\n\t\t\t\t\t\t\t\t\t\t\t\t<span class=\"elementor-icon-list-icon\">\n\t\t\t\t\t\t\t<svg aria-hidden=\"true\" class=\"e-font-icon-svg e-fas-search\" viewBox=\"0 0 512 512\" xmlns=\"http:\/\/www.w3.org\/2000\/svg\"><path d=\"M505 442.7L405.3 343c-4.5-4.5-10.6-7-17-7H372c27.6-35.3 44-79.7 44-128C416 93.1 322.9 0 208 0S0 93.1 0 208s93.1 208 208 208c48.3 0 92.7-16.4 128-44v16.3c0 6.4 2.5 12.5 7 17l99.7 99.7c9.4 9.4 24.6 9.4 33.9 0l28.3-28.3c9.4-9.4 9.4-24.6.1-34zM208 336c-70.7 0-128-57.2-128-128 0-70.7 57.2-128 128-128 70.7 0 128 57.2 128 128 0 70.7-57.2 128-128 128z\"><\/path><\/svg>\t\t\t\t\t\t<\/span>\n\t\t\t\t\t\t\t\t\t\t<span class=\"elementor-icon-list-text\">S\u00e4hk\u00f6urakointi<\/span>\n\t\t\t\t\t\t\t\t\t\t\t<\/a>\n\t\t\t\t\t\t\t\t\t<\/li>\n\t\t\t\t\t\t<\/ul>\n\t\t\t\t\t\t<\/div>\n\t\t\t\t<\/div>\n\t\t\t\t\t<\/div>\n\t\t\t\t<\/div>\n\t\t\t\t<section class=\"elementor-section elementor-top-section elementor-element elementor-element-8f6e84a elementor-section-boxed elementor-section-height-default elementor-section-height-default\" data-id=\"8f6e84a\" data-element_type=\"section\">\n\t\t\t\t\t\t<div class=\"elementor-container elementor-column-gap-default\">\n\t\t\t\t\t<div class=\"elementor-column elementor-col-100 elementor-top-column elementor-element elementor-element-60ed67f\" data-id=\"60ed67f\" data-element_type=\"column\">\n\t\t\t<div class=\"elementor-widget-wrap elementor-element-populated\">\n\t\t\t\t\t\t<div class=\"elementor-element elementor-element-a2b83b0 elementor-align-center elementor-widget elementor-widget-button\" data-id=\"a2b83b0\" data-element_type=\"widget\" data-widget_type=\"button.default\">\n\t\t\t\t<div class=\"elementor-widget-container\">\n\t\t\t\t\t\t\t\t\t<div class=\"elementor-button-wrapper\">\n\t\t\t\t\t<a class=\"elementor-button elementor-button-link elementor-size-xs\" href=\"https:\/\/www.njsa.fi\/demosivu\/tee-tarjouspyynto\/\">\n\t\t\t\t\t\t<span class=\"elementor-button-content-wrapper\">\n\t\t\t\t\t\t\t\t\t<span class=\"elementor-button-text\">Pyyd\u00e4 tarjous<\/span>\n\t\t\t\t\t<\/span>\n\t\t\t\t\t<\/a>\n\t\t\t\t<\/div>\n\t\t\t\t\t\t\t\t<\/div>\n\t\t\t\t<\/div>\n\t\t\t\t\t<\/div>\n\t\t<\/div>\n\t\t\t\t\t<\/div>\n\t\t<\/section>\n\t\t<div class=\"elementor-element elementor-element-df63547 e-flex e-con-boxed e-con e-parent\" data-id=\"df63547\" data-element_type=\"container\">\n\t\t\t\t\t<div class=\"e-con-inner\">\n\t\t<div class=\"elementor-element elementor-element-5525b20 e-con-full e-flex e-con e-child\" data-id=\"5525b20\" data-element_type=\"container\">\n\t\t\t\t<div class=\"elementor-element elementor-element-9bd1c6a elementor-widget elementor-widget-image\" data-id=\"9bd1c6a\" data-element_type=\"widget\" data-widget_type=\"image.default\">\n\t\t\t\t<div class=\"elementor-widget-container\">\n\t\t\t\t\t\t\t\t\t\t\t\t\t\t\t<img fetchpriority=\"high\" decoding=\"async\" data-attachment-id=\"2155\" data-permalink=\"https:\/\/www.njsa.fi\/demosivu\/8ea74e30-e234-4797-9556-792b79f0c6ae\/\" data-orig-file=\"https:\/\/i0.wp.com\/www.njsa.fi\/demosivu\/wp-content\/uploads\/2024\/01\/8ea74e30-e234-4797-9556-792b79f0c6ae.jpg?fit=814%2C1378&amp;ssl=1\" data-orig-size=\"814,1378\" data-comments-opened=\"0\" data-image-meta=\"{&quot;aperture&quot;:&quot;0&quot;,&quot;credit&quot;:&quot;&quot;,&quot;camera&quot;:&quot;&quot;,&quot;caption&quot;:&quot;&quot;,&quot;created_timestamp&quot;:&quot;0&quot;,&quot;copyright&quot;:&quot;&quot;,&quot;focal_length&quot;:&quot;0&quot;,&quot;iso&quot;:&quot;0&quot;,&quot;shutter_speed&quot;:&quot;0&quot;,&quot;title&quot;:&quot;&quot;,&quot;orientation&quot;:&quot;1&quot;}\" data-image-title=\"8ea74e30-e234-4797-9556-792b79f0c6ae\" data-image-description=\"\" data-image-caption=\"\" data-medium-file=\"https:\/\/i0.wp.com\/www.njsa.fi\/demosivu\/wp-content\/uploads\/2024\/01\/8ea74e30-e234-4797-9556-792b79f0c6ae.jpg?fit=177%2C300&amp;ssl=1\" data-large-file=\"https:\/\/i0.wp.com\/www.njsa.fi\/demosivu\/wp-content\/uploads\/2024\/01\/8ea74e30-e234-4797-9556-792b79f0c6ae.jpg?fit=605%2C1024&amp;ssl=1\" tabindex=\"0\" role=\"button\" width=\"768\" height=\"1300\" src=\"https:\/\/i0.wp.com\/www.njsa.fi\/demosivu\/wp-content\/uploads\/2024\/01\/8ea74e30-e234-4797-9556-792b79f0c6ae.jpg?fit=768%2C1300&amp;ssl=1\" class=\"attachment-medium_large size-medium_large wp-image-2155\" alt=\"\" srcset=\"https:\/\/i0.wp.com\/www.njsa.fi\/demosivu\/wp-content\/uploads\/2024\/01\/8ea74e30-e234-4797-9556-792b79f0c6ae.jpg?w=814&amp;ssl=1 814w, https:\/\/i0.wp.com\/www.njsa.fi\/demosivu\/wp-content\/uploads\/2024\/01\/8ea74e30-e234-4797-9556-792b79f0c6ae.jpg?resize=177%2C300&amp;ssl=1 177w, https:\/\/i0.wp.com\/www.njsa.fi\/demosivu\/wp-content\/uploads\/2024\/01\/8ea74e30-e234-4797-9556-792b79f0c6ae.jpg?resize=605%2C1024&amp;ssl=1 605w, https:\/\/i0.wp.com\/www.njsa.fi\/demosivu\/wp-content\/uploads\/2024\/01\/8ea74e30-e234-4797-9556-792b79f0c6ae.jpg?resize=768%2C1300&amp;ssl=1 768w\" sizes=\"(max-width: 768px) 100vw, 768px\" data-attachment-id=\"2155\" data-permalink=\"https:\/\/www.njsa.fi\/demosivu\/8ea74e30-e234-4797-9556-792b79f0c6ae\/\" data-orig-file=\"https:\/\/i0.wp.com\/www.njsa.fi\/demosivu\/wp-content\/uploads\/2024\/01\/8ea74e30-e234-4797-9556-792b79f0c6ae.jpg?fit=814%2C1378&amp;ssl=1\" data-orig-size=\"814,1378\" data-comments-opened=\"0\" data-image-meta=\"{&quot;aperture&quot;:&quot;0&quot;,&quot;credit&quot;:&quot;&quot;,&quot;camera&quot;:&quot;&quot;,&quot;caption&quot;:&quot;&quot;,&quot;created_timestamp&quot;:&quot;0&quot;,&quot;copyright&quot;:&quot;&quot;,&quot;focal_length&quot;:&quot;0&quot;,&quot;iso&quot;:&quot;0&quot;,&quot;shutter_speed&quot;:&quot;0&quot;,&quot;title&quot;:&quot;&quot;,&quot;orientation&quot;:&quot;1&quot;}\" data-image-title=\"8ea74e30-e234-4797-9556-792b79f0c6ae\" data-image-description=\"\" data-image-caption=\"\" data-medium-file=\"https:\/\/i0.wp.com\/www.njsa.fi\/demosivu\/wp-content\/uploads\/2024\/01\/8ea74e30-e234-4797-9556-792b79f0c6ae.jpg?fit=177%2C300&amp;ssl=1\" data-large-file=\"https:\/\/i0.wp.com\/www.njsa.fi\/demosivu\/wp-content\/uploads\/2024\/01\/8ea74e30-e234-4797-9556-792b79f0c6ae.jpg?fit=605%2C1024&amp;ssl=1\" role=\"button\" \/>\t\t\t\t\t\t\t\t\t\t\t\t\t\t\t<\/div>\n\t\t\t\t<\/div>\n\t\t\t\t<\/div>\n\t\t<div class=\"elementor-element elementor-element-4914b78 e-con-full e-flex e-con e-child\" data-id=\"4914b78\" data-element_type=\"container\">\n\t\t\t\t<div class=\"elementor-element elementor-element-999f70f elementor-widget elementor-widget-text-editor\" data-id=\"999f70f\" data-element_type=\"widget\" data-widget_type=\"text-editor.default\">\n\t\t\t\t<div class=\"elementor-widget-container\">\n\t\t\t\t\t\t\t\t\t<p>Nurmij\u00e4rven S\u00e4hk\u00f6asennus Oy toteuttaa isot ja pienet s\u00e4hk\u00f6urakat.<\/p>\n<p>Erikoisosaamistamme ovat haastavat s\u00e4hk\u00f6asennuksiin liittyv\u00e4t huolto- ja saneerausty\u00f6t. Toimimme my\u00f6s uudisrakentamisessa ja teollisuudessa. Palvelumme perustana on kokenut henkil\u00f6kuntamme ja hyvin varustellut huoltoautomme.<\/p>\n<p>Yhteisty\u00f6kumppaneidemme avulla pystymme tarjoamaan kokonaisurakat sis\u00e4lt\u00e4en my\u00f6s esim. rakennusty\u00f6t, maankaivuu -ja asfaltointity\u00f6t sek\u00e4 LVI-ty\u00f6t.<\/p>\n<p>Pyyd\u00e4 tarjous s\u00e4hk\u00f6urakoitsijasta vaativaan projektiisi:<\/p>\n<p><a href=\"mailto:tarjoukset@njsa.fi\">tarjoukset@njsa.fi<\/a> \/ <a href=\"callto:0207313300\">0207313300<\/a><\/p>\t\t\t\t\t\t\t\t<\/div>\n\t\t\t\t<\/div>\n\t\t\t\t<\/div>\n\t\t\t\t\t<\/div>\n\t\t\t\t<\/div>\n\t\t<div class=\"elementor-element elementor-element-2f17478 e-flex e-con-boxed e-con e-parent\" data-id=\"2f17478\" data-element_type=\"container\">\n\t\t\t\t\t<div class=\"e-con-inner\">\n\t\t\t\t\t<\/div>\n\t\t\t\t<\/div>\n\t\t\t\t<\/div>\n\t\t","protected":false},"excerpt":{"rendered":"<p>S\u00e4hk\u00f6urakointi Pyyd\u00e4 tarjous Nurmij\u00e4rven S\u00e4hk\u00f6asennus Oy toteuttaa isot ja pienet s\u00e4hk\u00f6urakat. Erikoisosaamistamme ovat haastavat s\u00e4hk\u00f6asennuksiin liittyv\u00e4t huolto- ja saneerausty\u00f6t. Toimimme my\u00f6s uudisrakentamisessa ja teollisuudessa. Palvelumme perustana on kokenut henkil\u00f6kuntamme ja hyvin varustellut huoltoautomme. Yhteisty\u00f6kumppaneidemme avulla pystymme tarjoamaan kokonaisurakat sis\u00e4lt\u00e4en my\u00f6s esim. rakennusty\u00f6t, maankaivuu -ja asfaltointity\u00f6t sek\u00e4 LVI-ty\u00f6t. Pyyd\u00e4 tarjous s\u00e4hk\u00f6urakoitsijasta vaativaan projektiisi: tarjoukset@njsa.fi \/ 0207313300<\/p>\n","protected":false},"author":1,"featured_media":0,"parent":0,"menu_order":0,"comment_status":"closed","ping_status":"closed","template":"","meta":{"_monsterinsights_skip_tracking":false,"_monsterinsights_sitenote_active":false,"_monsterinsights_sitenote_note":"","_monsterinsights_sitenote_category":0,"jetpack_post_was_ever_published":false,"_kad_post_transparent":"","_kad_post_title":"","_kad_post_layout":"","_kad_post_sidebar_id":"","_kad_post_content_style":"","_kad_post_vertical_padding":"","_kad_post_feature":"","_kad_post_feature_position":"","_kad_post_header":false,"_kad_post_footer":false,"_kad_post_classname":"","footnotes":""},"aioseo_notices":[],"jetpack_sharing_enabled":true,"jetpack_shortlink":"https:\/\/wp.me\/PawmUK-o3","jetpack-related-posts":[],"_links":{"self":[{"href":"https:\/\/www.njsa.fi\/demosivu\/wp-json\/wp\/v2\/pages\/1491"}],"collection":[{"href":"https:\/\/www.njsa.fi\/demosivu\/wp-json\/wp\/v2\/pages"}],"about":[{"href":"https:\/\/www.njsa.fi\/demosivu\/wp-json\/wp\/v2\/types\/page"}],"author":[{"embeddable":true,"href":"https:\/\/www.njsa.fi\/demosivu\/wp-json\/wp\/v2\/users\/1"}],"replies":[{"embeddable":true,"href":"https:\/\/www.njsa.fi\/demosivu\/wp-json\/wp\/v2\/comments?post=1491"}],"version-history":[{"count":35,"href":"https:\/\/www.njsa.fi\/demosivu\/wp-json\/wp\/v2\/pages\/1491\/revisions"}],"predecessor-version":[{"id":2164,"href":"https:\/\/www.njsa.fi\/demosivu\/wp-json\/wp\/v2\/pages\/1491\/revisions\/2164"}],"wp:attachment":[{"href":"https:\/\/www.njsa.fi\/demosivu\/wp-json\/wp\/v2\/media?parent=1491"}],"curies":[{"name":"wp","href":"https:\/\/api.w.org\/{rel}","templated":true}]}}