{"id":1235,"date":"2022-01-13T21:11:34","date_gmt":"2022-01-13T21:11:34","guid":{"rendered":"https:\/\/www.njsa.fi\/demosivu\/?page_id=1235"},"modified":"2022-01-16T19:10:49","modified_gmt":"2022-01-16T19:10:49","slug":"palautelomake","status":"publish","type":"page","link":"https:\/\/www.njsa.fi\/demosivu\/palautelomake\/","title":{"rendered":"Palautelomake"},"content":{"rendered":"\t\t<div data-elementor-type=\"wp-page\" data-elementor-id=\"1235\" class=\"elementor elementor-1235\">\n\t\t\t\t\t\t<section class=\"elementor-section elementor-top-section elementor-element elementor-element-e7fb0ce elementor-section-boxed elementor-section-height-default elementor-section-height-default\" data-id=\"e7fb0ce\" data-element_type=\"section\">\n\t\t\t\t\t\t<div class=\"elementor-container elementor-column-gap-default\">\n\t\t\t\t\t<div class=\"elementor-column elementor-col-100 elementor-top-column elementor-element elementor-element-17026a6\" data-id=\"17026a6\" data-element_type=\"column\">\n\t\t\t<div class=\"elementor-widget-wrap elementor-element-populated\">\n\t\t\t\t\t\t<div class=\"elementor-element elementor-element-1eb431d elementor-widget elementor-widget-text-editor\" data-id=\"1eb431d\" data-element_type=\"widget\" data-widget_type=\"text-editor.default\">\n\t\t\t\t<div class=\"elementor-widget-container\">\n\t\t\t\t\t\t\t\t\t<h2>Kehit\u00e4mme palveluja!<\/h2><p>Haluamme palvella sinua mahdollisimman hyvin.\u00a0 Toivomme sinulta palautetta, ruusuja ja risuja.\u00a0 K\u00e4sittelemme saamamme palautteet luottamuksella. Palautteilla voimme kehitt\u00e4\u00e4 omaa palveluamme\u00a0 ja toivon mukaan my\u00f6s kiitt\u00e4\u00e4 henkil\u00f6kuntaamme.<\/p><p>T\u00e4yt\u00e4 palautelomake nimellisen\u00e4 tai nimett\u00f6m\u00e4n\u00e4, ihan kuinka haluat.<\/p>\n<div class=\"wpcf7 no-js\" id=\"wpcf7-f1321-o1\" lang=\"fi\" dir=\"ltr\">\n<div class=\"screen-reader-response\"><p role=\"status\" aria-live=\"polite\" aria-atomic=\"true\"><\/p> <ul><\/ul><\/div>\n<form action=\"\/demosivu\/wp-json\/wp\/v2\/pages\/1235#wpcf7-f1321-o1\" method=\"post\" class=\"wpcf7-form init\" aria-label=\"Yhteydenottolomake\" novalidate=\"novalidate\" data-status=\"init\">\n<div style=\"display: none;\">\n<input type=\"hidden\" name=\"_wpcf7\" value=\"1321\" \/>\n<input type=\"hidden\" name=\"_wpcf7_version\" value=\"5.9.8\" \/>\n<input type=\"hidden\" name=\"_wpcf7_locale\" value=\"fi\" \/>\n<input type=\"hidden\" name=\"_wpcf7_unit_tag\" value=\"wpcf7-f1321-o1\" \/>\n<input type=\"hidden\" name=\"_wpcf7_container_post\" value=\"0\" \/>\n<input type=\"hidden\" name=\"_wpcf7_posted_data_hash\" value=\"\" \/>\n<input type=\"hidden\" name=\"_wpcf7_recaptcha_response\" value=\"\" \/>\n<\/div>\n<div class=\"uacf7-form-wrapper-container uacf7-form-1321  \"><label> Aihe*\n<span class=\"wpcf7-form-control-wrap\" data-name=\"your-subject\"><input size=\"40\" maxlength=\"400\" class=\"wpcf7-form-control wpcf7-text wpcf7-validates-as-required\" aria-required=\"true\" aria-invalid=\"false\" value=\"\" type=\"text\" name=\"your-subject\" \/><\/span> <\/label>\n\n<label> Palautteen kuvaus*\n<span class=\"wpcf7-form-control-wrap\" data-name=\"your-message\"><textarea cols=\"40\" rows=\"10\" maxlength=\"2000\" class=\"wpcf7-form-control wpcf7-textarea wpcf7-validates-as-required\" aria-required=\"true\" aria-invalid=\"false\" name=\"your-message\"><\/textarea><\/span> <\/label>\n\n<label> Nimi\n    <span class=\"wpcf7-form-control-wrap\" data-name=\"your-name\"><input size=\"40\" maxlength=\"400\" class=\"wpcf7-form-control wpcf7-text\" aria-invalid=\"false\" value=\"\" type=\"text\" name=\"your-name\" \/><\/span> <\/label>\n\n<label> S\u00e4hk\u00f6posti\n    <span class=\"wpcf7-form-control-wrap\" data-name=\"your-email\"><input size=\"40\" maxlength=\"400\" class=\"wpcf7-form-control wpcf7-email wpcf7-text wpcf7-validates-as-email\" aria-invalid=\"false\" value=\"\" type=\"email\" name=\"your-email\" \/><\/span> <\/label>\n\n<label> Puhelin\n    <span class=\"wpcf7-form-control-wrap\" data-name=\"puhelin\"><input size=\"40\" maxlength=\"400\" class=\"wpcf7-form-control wpcf7-text\" aria-invalid=\"false\" value=\"\" type=\"text\" name=\"puhelin\" \/><\/span> <\/label>\n\n<label> Haluan ett\u00e4 minuun otetaan yhteytt\u00e4 <\/label>\n<span class=\"wpcf7-form-control-wrap\" data-name=\"yhteydenottotapa\"><span class=\"wpcf7-form-control wpcf7-radio\"><span class=\"wpcf7-list-item first\"><label><input type=\"radio\" name=\"yhteydenottotapa\" value=\"S\u00e4hk\u00f6postilla\" checked=\"checked\" \/><span class=\"wpcf7-list-item-label\">S\u00e4hk\u00f6postilla<\/span><\/label><\/span><span class=\"wpcf7-list-item\"><label><input type=\"radio\" name=\"yhteydenottotapa\" value=\"Puhelimitse\" \/><span class=\"wpcf7-list-item-label\">Puhelimitse<\/span><\/label><\/span><span class=\"wpcf7-list-item last\"><label><input type=\"radio\" name=\"yhteydenottotapa\" value=\"Ei yhteydenottoa\" \/><span class=\"wpcf7-list-item-label\">Ei yhteydenottoa<\/span><\/label><\/span><\/span><\/span> \n\n<input class=\"wpcf7-form-control wpcf7-submit has-spinner\" type=\"submit\" value=\"L\u00e4het\u00e4\" \/><\/div><div class=\"wpcf7-response-output\" aria-hidden=\"true\"><\/div>\n<\/form>\n<\/div>\n\t\t\t\t\t\t\t\t<\/div>\n\t\t\t\t<\/div>\n\t\t\t\t\t<\/div>\n\t\t<\/div>\n\t\t\t\t\t<\/div>\n\t\t<\/section>\n\t\t\t\t<\/div>\n\t\t","protected":false},"excerpt":{"rendered":"<p>Kehit\u00e4mme palveluja! Haluamme palvella sinua mahdollisimman hyvin.&nbsp; Toivomme sinulta palautetta, ruusuja ja risuja.&nbsp; K\u00e4sittelemme saamamme palautteet luottamuksella. Palautteilla voimme kehitt\u00e4\u00e4 omaa palveluamme&nbsp; ja toivon mukaan my\u00f6s kiitt\u00e4\u00e4 henkil\u00f6kuntaamme. T\u00e4yt\u00e4 palautelomake nimellisen\u00e4 tai nimett\u00f6m\u00e4n\u00e4, ihan kuinka haluat.<\/p>\n","protected":false},"author":1,"featured_media":0,"parent":0,"menu_order":0,"comment_status":"closed","ping_status":"closed","template":"","meta":{"_monsterinsights_skip_tracking":false,"_monsterinsights_sitenote_active":false,"_monsterinsights_sitenote_note":"","_monsterinsights_sitenote_category":0,"jetpack_post_was_ever_published":false,"_kad_post_transparent":"","_kad_post_title":"","_kad_post_layout":"","_kad_post_sidebar_id":"","_kad_post_content_style":"","_kad_post_vertical_padding":"","_kad_post_feature":"","_kad_post_feature_position":"","_kad_post_header":false,"_kad_post_footer":false,"_kad_post_classname":"","footnotes":""},"aioseo_notices":[],"jetpack_sharing_enabled":true,"jetpack_shortlink":"https:\/\/wp.me\/PawmUK-jV","jetpack-related-posts":[],"_links":{"self":[{"href":"https:\/\/www.njsa.fi\/demosivu\/wp-json\/wp\/v2\/pages\/1235"}],"collection":[{"href":"https:\/\/www.njsa.fi\/demosivu\/wp-json\/wp\/v2\/pages"}],"about":[{"href":"https:\/\/www.njsa.fi\/demosivu\/wp-json\/wp\/v2\/types\/page"}],"author":[{"embeddable":true,"href":"https:\/\/www.njsa.fi\/demosivu\/wp-json\/wp\/v2\/users\/1"}],"replies":[{"embeddable":true,"href":"https:\/\/www.njsa.fi\/demosivu\/wp-json\/wp\/v2\/comments?post=1235"}],"version-history":[{"count":5,"href":"https:\/\/www.njsa.fi\/demosivu\/wp-json\/wp\/v2\/pages\/1235\/revisions"}],"predecessor-version":[{"id":1386,"href":"https:\/\/www.njsa.fi\/demosivu\/wp-json\/wp\/v2\/pages\/1235\/revisions\/1386"}],"wp:attachment":[{"href":"https:\/\/www.njsa.fi\/demosivu\/wp-json\/wp\/v2\/media?parent=1235"}],"curies":[{"name":"wp","href":"https:\/\/api.w.org\/{rel}","templated":true}]}}