{"id":1200,"date":"2022-01-13T16:59:33","date_gmt":"2022-01-13T16:59:33","guid":{"rendered":"https:\/\/www.njsa.fi\/demosivu\/?page_id=1200"},"modified":"2024-01-27T09:37:27","modified_gmt":"2024-01-27T09:37:27","slug":"tee-tilaus","status":"publish","type":"page","link":"https:\/\/www.njsa.fi\/demosivu\/tee-tilaus\/","title":{"rendered":"Tee tilaus"},"content":{"rendered":"\t\t<div data-elementor-type=\"wp-page\" data-elementor-id=\"1200\" class=\"elementor elementor-1200\">\n\t\t\t\t\t\t<section class=\"elementor-section elementor-top-section elementor-element elementor-element-bcdb343 elementor-section-boxed elementor-section-height-default elementor-section-height-default\" data-id=\"bcdb343\" data-element_type=\"section\">\n\t\t\t\t\t\t<div class=\"elementor-container elementor-column-gap-default\">\n\t\t\t\t\t<div class=\"elementor-column elementor-col-100 elementor-top-column elementor-element elementor-element-8ef2faa\" data-id=\"8ef2faa\" data-element_type=\"column\">\n\t\t\t<div class=\"elementor-widget-wrap elementor-element-populated\">\n\t\t\t\t\t\t<div class=\"elementor-element elementor-element-88e4437 elementor-widget elementor-widget-text-editor\" data-id=\"88e4437\" data-element_type=\"widget\" data-widget_type=\"text-editor.default\">\n\t\t\t\t<div class=\"elementor-widget-container\">\n\t\t\t\t\t\t\t\t\t<p>Voit tehd\u00e4 tilauksen soittamalla <a href=\"tel:+358207313307\">0207313307<\/a>, s\u00e4hk\u00f6postilla <a href=\"mailto:tarjoukset@njsa.fi\">tarjoukset@njsa.fi<\/a> tai t\u00e4ytt\u00e4m\u00e4ll\u00e4 alla oleva <strong>tilauslomake<\/strong>. Tilauslomake on sopimusasiakkaillemme, mik\u00e4li et aikaisemmin tilannut kauttamme niin t\u00e4yt\u00e4 <a title=\"Tee tarjouspyynt\u00f6\" href=\"https:\/\/www.njsa.fi\/demosivu\/tee-tarjouspyynto\/\">tarjouspyynt\u00f6lomakkeemme<\/a>.<\/p>\t\t\t\t\t\t\t\t<\/div>\n\t\t\t\t<\/div>\n\t\t\t\t\t<\/div>\n\t\t<\/div>\n\t\t\t\t\t<\/div>\n\t\t<\/section>\n\t\t<div class=\"elementor-element elementor-element-3fc4ac2 e-flex e-con-boxed e-con e-parent\" data-id=\"3fc4ac2\" data-element_type=\"container\">\n\t\t\t\t\t<div class=\"e-con-inner\">\n\t\t\t\t<div class=\"elementor-element elementor-element-0faa3e3 elementor-widget elementor-widget-html\" data-id=\"0faa3e3\" data-element_type=\"widget\" data-widget_type=\"html.default\">\n\t\t\t\t<div class=\"elementor-widget-container\">\n\t\t\t\t\t<script src=\"https:\/\/d2giap3wel3uwb.cloudfront.net\/app.js\"><\/script>\n<script>admicomForm.createForm({\n    clientId: \"a1056d17-883d-4b42-80cc-327d2ad6c8ef\"\n});\n<\/script>\t\t\t\t<\/div>\n\t\t\t\t<\/div>\n\t\t\t\t\t<\/div>\n\t\t\t\t<\/div>\n\t\t\t\t<\/div>\n\t\t","protected":false},"excerpt":{"rendered":"<p>Voit tehd\u00e4 tilauksen soittamalla 0207313307, s\u00e4hk\u00f6postilla tarjoukset@njsa.fi tai t\u00e4ytt\u00e4m\u00e4ll\u00e4 alla oleva tilauslomake. Tilauslomake on sopimusasiakkaillemme, mik\u00e4li et aikaisemmin tilannut kauttamme niin t\u00e4yt\u00e4 tarjouspyynt\u00f6lomakkeemme.<\/p>\n","protected":false},"author":1,"featured_media":0,"parent":0,"menu_order":0,"comment_status":"closed","ping_status":"closed","template":"","meta":{"_monsterinsights_skip_tracking":false,"_monsterinsights_sitenote_active":false,"_monsterinsights_sitenote_note":"","_monsterinsights_sitenote_category":0,"jetpack_post_was_ever_published":false,"_kad_post_transparent":"","_kad_post_title":"","_kad_post_layout":"","_kad_post_sidebar_id":"","_kad_post_content_style":"","_kad_post_vertical_padding":"","_kad_post_feature":"","_kad_post_feature_position":"","_kad_post_header":false,"_kad_post_footer":false,"_kad_post_classname":"","footnotes":""},"aioseo_notices":[],"jetpack_sharing_enabled":true,"jetpack_shortlink":"https:\/\/wp.me\/PawmUK-jm","jetpack-related-posts":[],"_links":{"self":[{"href":"https:\/\/www.njsa.fi\/demosivu\/wp-json\/wp\/v2\/pages\/1200"}],"collection":[{"href":"https:\/\/www.njsa.fi\/demosivu\/wp-json\/wp\/v2\/pages"}],"about":[{"href":"https:\/\/www.njsa.fi\/demosivu\/wp-json\/wp\/v2\/types\/page"}],"author":[{"embeddable":true,"href":"https:\/\/www.njsa.fi\/demosivu\/wp-json\/wp\/v2\/users\/1"}],"replies":[{"embeddable":true,"href":"https:\/\/www.njsa.fi\/demosivu\/wp-json\/wp\/v2\/comments?post=1200"}],"version-history":[{"count":35,"href":"https:\/\/www.njsa.fi\/demosivu\/wp-json\/wp\/v2\/pages\/1200\/revisions"}],"predecessor-version":[{"id":2225,"href":"https:\/\/www.njsa.fi\/demosivu\/wp-json\/wp\/v2\/pages\/1200\/revisions\/2225"}],"wp:attachment":[{"href":"https:\/\/www.njsa.fi\/demosivu\/wp-json\/wp\/v2\/media?parent=1200"}],"curies":[{"name":"wp","href":"https:\/\/api.w.org\/{rel}","templated":true}]}}