{"id":1151,"date":"2022-01-13T14:27:28","date_gmt":"2022-01-13T14:27:28","guid":{"rendered":"https:\/\/www.njsa.fi\/demosivu\/?page_id=1151"},"modified":"2023-05-01T14:57:49","modified_gmt":"2023-05-01T14:57:49","slug":"toihin-meille","status":"publish","type":"page","link":"https:\/\/www.njsa.fi\/demosivu\/toihin-meille\/","title":{"rendered":"T\u00f6ihin meille"},"content":{"rendered":"\t\t<div data-elementor-type=\"wp-page\" data-elementor-id=\"1151\" class=\"elementor elementor-1151\">\n\t\t\t\t\t\t<section class=\"elementor-section elementor-top-section elementor-element elementor-element-d0b383b elementor-section-boxed elementor-section-height-default elementor-section-height-default\" data-id=\"d0b383b\" data-element_type=\"section\">\n\t\t\t\t\t\t<div class=\"elementor-container elementor-column-gap-default\">\n\t\t\t\t\t<div class=\"elementor-column elementor-col-100 elementor-top-column elementor-element elementor-element-41e686a\" data-id=\"41e686a\" data-element_type=\"column\">\n\t\t\t<div class=\"elementor-widget-wrap elementor-element-populated\">\n\t\t\t\t\t\t<div class=\"elementor-element elementor-element-16b31d0 elementor-view-default elementor-widget elementor-widget-icon\" data-id=\"16b31d0\" data-element_type=\"widget\" data-widget_type=\"icon.default\">\n\t\t\t\t<div class=\"elementor-widget-container\">\n\t\t\t\t\t\t\t<div class=\"elementor-icon-wrapper\">\n\t\t\t<div class=\"elementor-icon\">\n\t\t\t<svg aria-hidden=\"true\" class=\"e-font-icon-svg e-fas-handshake\" viewBox=\"0 0 640 512\" xmlns=\"http:\/\/www.w3.org\/2000\/svg\"><path d=\"M434.7 64h-85.9c-8 0-15.7 3-21.6 8.4l-98.3 90c-.1.1-.2.3-.3.4-16.6 15.6-16.3 40.5-2.1 56 12.7 13.9 39.4 17.6 56.1 2.7.1-.1.3-.1.4-.2l79.9-73.2c6.5-5.9 16.7-5.5 22.6 1 6 6.5 5.5 16.6-1 22.6l-26.1 23.9L504 313.8c2.9 2.4 5.5 5 7.9 7.7V128l-54.6-54.6c-5.9-6-14.1-9.4-22.6-9.4zM544 128.2v223.9c0 17.7 14.3 32 32 32h64V128.2h-96zm48 223.9c-8.8 0-16-7.2-16-16s7.2-16 16-16 16 7.2 16 16-7.2 16-16 16zM0 384h64c17.7 0 32-14.3 32-32V128.2H0V384zm48-63.9c8.8 0 16 7.2 16 16s-7.2 16-16 16-16-7.2-16-16c0-8.9 7.2-16 16-16zm435.9 18.6L334.6 217.5l-30 27.5c-29.7 27.1-75.2 24.5-101.7-4.4-26.9-29.4-24.8-74.9 4.4-101.7L289.1 64h-83.8c-8.5 0-16.6 3.4-22.6 9.4L128 128v223.9h18.3l90.5 81.9c27.4 22.3 67.7 18.1 90-9.3l.2-.2 17.9 15.5c15.9 13 39.4 10.5 52.3-5.4l31.4-38.6 5.4 4.4c13.7 11.1 33.9 9.1 45-4.7l9.5-11.7c11.2-13.8 9.1-33.9-4.6-45.1z\"><\/path><\/svg>\t\t\t<\/div>\n\t\t<\/div>\n\t\t\t\t\t\t<\/div>\n\t\t\t\t<\/div>\n\t\t\t\t<div class=\"elementor-element elementor-element-d375fc6 elementor-widget elementor-widget-heading\" data-id=\"d375fc6\" data-element_type=\"widget\" data-widget_type=\"heading.default\">\n\t\t\t\t<div class=\"elementor-widget-container\">\n\t\t\t\t\t<h2 class=\"elementor-heading-title elementor-size-default\">Rekrytointi<\/h2>\t\t\t\t<\/div>\n\t\t\t\t<\/div>\n\t\t\t\t\t<\/div>\n\t\t<\/div>\n\t\t\t\t\t<\/div>\n\t\t<\/section>\n\t\t<div class=\"elementor-element elementor-element-bd0a214 e-flex e-con-boxed e-con e-parent\" data-id=\"bd0a214\" data-element_type=\"container\">\n\t\t\t\t\t<div class=\"e-con-inner\">\n\t\t\t\t<div class=\"elementor-element elementor-element-9bf10ec elementor-widget elementor-widget-text-editor\" data-id=\"9bf10ec\" data-element_type=\"widget\" data-widget_type=\"text-editor.default\">\n\t\t\t\t<div class=\"elementor-widget-container\">\n\t\t\t\t\t\t\t\t\t<p>Etsimme jatkuvasti uusia ty\u00f6ntekij\u00f6it\u00e4 kasvavaan porukkaamme. Haluamme tarjota hyv\u00e4n ty\u00f6ymp\u00e4rist\u00f6n kokeneille s\u00e4hk\u00f6alan ammattilaisille sek\u00e4 koulutamme my\u00f6s tarvittaessa nuorempia asentajia. Arvostamme hyv\u00e4\u00e4 asennetta ja ammattiylpeytt\u00e4. Uskomme ett\u00e4, jokaisen yrityksen paras voimavara on hyvinvoiva ty\u00f6ntekij\u00e4.<\/p>\t\t\t\t\t\t\t\t<\/div>\n\t\t\t\t<\/div>\n\t\t\t\t\t<\/div>\n\t\t\t\t<\/div>\n\t\t<div class=\"elementor-element elementor-element-72fa1d5 e-flex e-con-boxed e-con e-parent\" data-id=\"72fa1d5\" data-element_type=\"container\">\n\t\t\t\t\t<div class=\"e-con-inner\">\n\t\t<div class=\"elementor-element elementor-element-92a1275 e-con-full e-flex e-con e-parent\" data-id=\"92a1275\" data-element_type=\"container\">\n\t\t\t\t<div class=\"elementor-element elementor-element-d489162 elementor-widget elementor-widget-text-editor\" data-id=\"d489162\" data-element_type=\"widget\" data-widget_type=\"text-editor.default\">\n\t\t\t\t<div class=\"elementor-widget-container\">\n\t\t\t\t\t\t\t\t\t<p class=\"x_MsoNormal\">Muutamia etuja, jotka tarjoamme vakituisille ty\u00f6ntekij\u00f6illemme:<\/p><p>Liikuntaetu<\/p><p>Ateriakorvaus<\/p><p>Pekkaset<\/p><p>Rela-hierojien palvelukortti<\/p><p>Ty\u00f6terveyshuolto Mehil\u00e4isess\u00e4<\/p><p>Hammashoito Mehil\u00e4isess\u00e4<\/p><p>Henkil\u00f6kohtainen Volkswagen Transporter huoltoauto<\/p><p>Matkapuhelin etu<\/p><p>Kannettava tietokone<\/p><p>Markkinoiden parhaimmat ty\u00f6kalut ja varusteet (mm. Helly Hansenin ty\u00f6vaatteet joka vuodenaikaan ja Milwaukeen akkukoneet)<\/p><p>Yhteiset virkistystapahtumat\u00a0<\/p><p>Mahdollisuus bonuksiin<\/p><p>Aamu- ja v\u00e4lipalatarjoilu toimipisteell\u00e4<\/p><p class=\"x_MsoNormal\"><strong>L\u00e4het\u00e4 vapaamuotoinen hakemuksesi osoitteeseen: <a href=\"mailto:toimisto@njsa.fi\">toimisto@njsa.fi<\/a><\/strong><\/p>\t\t\t\t\t\t\t\t<\/div>\n\t\t\t\t<\/div>\n\t\t\t\t<\/div>\n\t\t<div class=\"elementor-element elementor-element-ca80c65 e-con-full e-flex e-con e-parent\" data-id=\"ca80c65\" data-element_type=\"container\">\n\t\t\t\t<div class=\"elementor-element elementor-element-5273679 elementor-widget elementor-widget-image\" data-id=\"5273679\" data-element_type=\"widget\" data-widget_type=\"image.default\">\n\t\t\t\t<div class=\"elementor-widget-container\">\n\t\t\t\t\t\t\t\t\t\t\t\t\t\t\t<img fetchpriority=\"high\" decoding=\"async\" data-attachment-id=\"1894\" data-permalink=\"https:\/\/www.njsa.fi\/demosivu\/toihin-meille\/13c94a2a-1e96-43cb-9bee-5fdd89d36724\/\" data-orig-file=\"https:\/\/i0.wp.com\/www.njsa.fi\/demosivu\/wp-content\/uploads\/2023\/05\/13c94a2a-1e96-43cb-9bee-5fdd89d36724-e1682953041193.jpg?fit=906%2C1571&amp;ssl=1\" data-orig-size=\"906,1571\" data-comments-opened=\"0\" data-image-meta=\"{&quot;aperture&quot;:&quot;0&quot;,&quot;credit&quot;:&quot;&quot;,&quot;camera&quot;:&quot;&quot;,&quot;caption&quot;:&quot;&quot;,&quot;created_timestamp&quot;:&quot;0&quot;,&quot;copyright&quot;:&quot;&quot;,&quot;focal_length&quot;:&quot;0&quot;,&quot;iso&quot;:&quot;0&quot;,&quot;shutter_speed&quot;:&quot;0&quot;,&quot;title&quot;:&quot;&quot;,&quot;orientation&quot;:&quot;0&quot;}\" data-image-title=\"13c94a2a-1e96-43cb-9bee-5fdd89d36724\" data-image-description=\"\" data-image-caption=\"\" data-medium-file=\"https:\/\/i0.wp.com\/www.njsa.fi\/demosivu\/wp-content\/uploads\/2023\/05\/13c94a2a-1e96-43cb-9bee-5fdd89d36724-e1682953041193.jpg?fit=173%2C300&amp;ssl=1\" data-large-file=\"https:\/\/i0.wp.com\/www.njsa.fi\/demosivu\/wp-content\/uploads\/2023\/05\/13c94a2a-1e96-43cb-9bee-5fdd89d36724-e1682953041193.jpg?fit=591%2C1024&amp;ssl=1\" tabindex=\"0\" role=\"button\" width=\"591\" height=\"1024\" src=\"https:\/\/i0.wp.com\/www.njsa.fi\/demosivu\/wp-content\/uploads\/2023\/05\/13c94a2a-1e96-43cb-9bee-5fdd89d36724-e1682953041193.jpg?fit=591%2C1024&amp;ssl=1\" class=\"attachment-large size-large wp-image-1894\" alt=\"\" srcset=\"https:\/\/i0.wp.com\/www.njsa.fi\/demosivu\/wp-content\/uploads\/2023\/05\/13c94a2a-1e96-43cb-9bee-5fdd89d36724-e1682953041193.jpg?w=906&amp;ssl=1 906w, https:\/\/i0.wp.com\/www.njsa.fi\/demosivu\/wp-content\/uploads\/2023\/05\/13c94a2a-1e96-43cb-9bee-5fdd89d36724-e1682953041193.jpg?resize=173%2C300&amp;ssl=1 173w, https:\/\/i0.wp.com\/www.njsa.fi\/demosivu\/wp-content\/uploads\/2023\/05\/13c94a2a-1e96-43cb-9bee-5fdd89d36724-e1682953041193.jpg?resize=591%2C1024&amp;ssl=1 591w, https:\/\/i0.wp.com\/www.njsa.fi\/demosivu\/wp-content\/uploads\/2023\/05\/13c94a2a-1e96-43cb-9bee-5fdd89d36724-e1682953041193.jpg?resize=768%2C1332&amp;ssl=1 768w, https:\/\/i0.wp.com\/www.njsa.fi\/demosivu\/wp-content\/uploads\/2023\/05\/13c94a2a-1e96-43cb-9bee-5fdd89d36724-e1682953041193.jpg?resize=886%2C1536&amp;ssl=1 886w\" sizes=\"(max-width: 591px) 100vw, 591px\" data-attachment-id=\"1894\" data-permalink=\"https:\/\/www.njsa.fi\/demosivu\/toihin-meille\/13c94a2a-1e96-43cb-9bee-5fdd89d36724\/\" data-orig-file=\"https:\/\/i0.wp.com\/www.njsa.fi\/demosivu\/wp-content\/uploads\/2023\/05\/13c94a2a-1e96-43cb-9bee-5fdd89d36724-e1682953041193.jpg?fit=906%2C1571&amp;ssl=1\" data-orig-size=\"906,1571\" data-comments-opened=\"0\" data-image-meta=\"{&quot;aperture&quot;:&quot;0&quot;,&quot;credit&quot;:&quot;&quot;,&quot;camera&quot;:&quot;&quot;,&quot;caption&quot;:&quot;&quot;,&quot;created_timestamp&quot;:&quot;0&quot;,&quot;copyright&quot;:&quot;&quot;,&quot;focal_length&quot;:&quot;0&quot;,&quot;iso&quot;:&quot;0&quot;,&quot;shutter_speed&quot;:&quot;0&quot;,&quot;title&quot;:&quot;&quot;,&quot;orientation&quot;:&quot;0&quot;}\" data-image-title=\"13c94a2a-1e96-43cb-9bee-5fdd89d36724\" data-image-description=\"\" data-image-caption=\"\" data-medium-file=\"https:\/\/i0.wp.com\/www.njsa.fi\/demosivu\/wp-content\/uploads\/2023\/05\/13c94a2a-1e96-43cb-9bee-5fdd89d36724-e1682953041193.jpg?fit=173%2C300&amp;ssl=1\" data-large-file=\"https:\/\/i0.wp.com\/www.njsa.fi\/demosivu\/wp-content\/uploads\/2023\/05\/13c94a2a-1e96-43cb-9bee-5fdd89d36724-e1682953041193.jpg?fit=591%2C1024&amp;ssl=1\" role=\"button\" \/>\t\t\t\t\t\t\t\t\t\t\t\t\t\t\t<\/div>\n\t\t\t\t<\/div>\n\t\t\t\t<\/div>\n\t\t\t\t\t<\/div>\n\t\t\t\t<\/div>\n\t\t\t\t<\/div>\n\t\t","protected":false},"excerpt":{"rendered":"<p>Rekrytointi Etsimme jatkuvasti uusia ty\u00f6ntekij\u00f6it\u00e4 kasvavaan porukkaamme. Haluamme tarjota hyv\u00e4n ty\u00f6ymp\u00e4rist\u00f6n kokeneille s\u00e4hk\u00f6alan ammattilaisille sek\u00e4 koulutamme my\u00f6s tarvittaessa nuorempia asentajia. Arvostamme hyv\u00e4\u00e4 asennetta ja ammattiylpeytt\u00e4. Uskomme ett\u00e4, jokaisen yrityksen paras voimavara on hyvinvoiva ty\u00f6ntekij\u00e4. Muutamia etuja, jotka tarjoamme vakituisille ty\u00f6ntekij\u00f6illemme: Liikuntaetu Ateriakorvaus Pekkaset Rela-hierojien palvelukortti Ty\u00f6terveyshuolto Mehil\u00e4isess\u00e4 Hammashoito Mehil\u00e4isess\u00e4 Henkil\u00f6kohtainen Volkswagen Transporter huoltoauto Matkapuhelin etu&#8230;<\/p>\n","protected":false},"author":1,"featured_media":0,"parent":0,"menu_order":0,"comment_status":"closed","ping_status":"closed","template":"","meta":{"_monsterinsights_skip_tracking":false,"_monsterinsights_sitenote_active":false,"_monsterinsights_sitenote_note":"","_monsterinsights_sitenote_category":0,"jetpack_post_was_ever_published":false,"_kad_post_transparent":"","_kad_post_title":"","_kad_post_layout":"","_kad_post_sidebar_id":"","_kad_post_content_style":"","_kad_post_vertical_padding":"","_kad_post_feature":"","_kad_post_feature_position":"","_kad_post_header":false,"_kad_post_footer":false,"_kad_post_classname":"","footnotes":""},"aioseo_notices":[],"jetpack_sharing_enabled":true,"jetpack_shortlink":"https:\/\/wp.me\/PawmUK-iz","jetpack-related-posts":[],"_links":{"self":[{"href":"https:\/\/www.njsa.fi\/demosivu\/wp-json\/wp\/v2\/pages\/1151"}],"collection":[{"href":"https:\/\/www.njsa.fi\/demosivu\/wp-json\/wp\/v2\/pages"}],"about":[{"href":"https:\/\/www.njsa.fi\/demosivu\/wp-json\/wp\/v2\/types\/page"}],"author":[{"embeddable":true,"href":"https:\/\/www.njsa.fi\/demosivu\/wp-json\/wp\/v2\/users\/1"}],"replies":[{"embeddable":true,"href":"https:\/\/www.njsa.fi\/demosivu\/wp-json\/wp\/v2\/comments?post=1151"}],"version-history":[{"count":22,"href":"https:\/\/www.njsa.fi\/demosivu\/wp-json\/wp\/v2\/pages\/1151\/revisions"}],"predecessor-version":[{"id":1899,"href":"https:\/\/www.njsa.fi\/demosivu\/wp-json\/wp\/v2\/pages\/1151\/revisions\/1899"}],"wp:attachment":[{"href":"https:\/\/www.njsa.fi\/demosivu\/wp-json\/wp\/v2\/media?parent=1151"}],"curies":[{"name":"wp","href":"https:\/\/api.w.org\/{rel}","templated":true}]}}